{"id":2969458,"date":"2025-03-25T10:15:59","date_gmt":"2025-03-25T10:15:59","guid":{"rendered":"https:\/\/sams.acrowd.se\/?page_id=2969458"},"modified":"2026-01-15T16:42:33","modified_gmt":"2026-01-15T16:42:33","slug":"kontakta-oss","status":"publish","type":"page","link":"https:\/\/www.swedtrain.org\/en\/kontakta-oss\/","title":{"rendered":"Contact us"},"content":{"rendered":"<div style=\"height:50px\" aria-hidden=\"true\" class=\"wp-block-spacer\"><\/div>\n\n\n\n<div style=\"height:50px\" aria-hidden=\"true\" class=\"wp-block-spacer\"><\/div>\n\n\n\n<div class=\"wp-block-columns alignwide is-layout-flex wp-container-core-columns-is-layout-9d6595d7 wp-block-columns-is-layout-flex\">\n<div class=\"wp-block-column is-content-justification-left is-layout-constrained wp-container-core-column-is-layout-408cd6c9 wp-block-column-is-layout-constrained\">\n<h1 class=\"wp-block-heading\">Contact us<\/h1>\n\n\n\n<p>Swedtrains kansli finns hos T\u00e5gf\u00f6retagen inom Almega, i N\u00e4ringslivets Hus i Stockholm.<\/p>\n\n\n\n<p>Se <a href=\"https:\/\/www.swedtrain.org\/en\/om-oss\/\" data-type=\"link\" data-id=\"https:\/\/www.swedtrain.org\/om-oss\/\">&#8221;Om oss&#8221;<\/a> om du vill du komma i kontakt med styrelsen eller valberedningen. <\/p>\n\n\n<div  class=\"tebab-block-icon_list\">\n            \n                    <div class=\"row\">\n                    <div class=\"wrapper\">\n                <img decoding=\"async\" src=\"https:\/\/www.swedtrain.org\/wp-content\/uploads\/2025\/06\/icon-email.png\" alt=\"\">\n            <\/div>\n                            <a href=\"mailto:kansliet@swedtrain.org\" class=\"text h4\">\n                    kansliet@swedtrain.org                <\/a>\n                                <\/div>\n                    \n                    <div class=\"row\">\n                    <div class=\"wrapper\">\n                <img decoding=\"async\" src=\"https:\/\/www.swedtrain.org\/wp-content\/uploads\/2025\/06\/icon-letter.png\" alt=\"\">\n            <\/div>\n                            <div class=\"text h4\">\n                    Box 555 45, 102 04 Stockholm                <\/div>\n                                <\/div>\n                    \n                    <div class=\"row\">\n                    <div class=\"wrapper\">\n                <img decoding=\"async\" src=\"https:\/\/www.swedtrain.org\/wp-content\/uploads\/2025\/06\/icon-home.png\" alt=\"\">\n            <\/div>\n                            <div class=\"text h4\">\n                    Storgatan 19, Stockholm                <\/div>\n                                <\/div>\n                    \n                    <div class=\"row\">\n                    <div class=\"wrapper\">\n                <img decoding=\"async\" src=\"https:\/\/www.swedtrain.org\/wp-content\/uploads\/2025\/06\/icon-call.png\" alt=\"\">\n            <\/div>\n                            <div class=\"text h4\">\n                    +46 8 782 08 03                <\/div>\n                                <\/div>\n            <\/div><\/div>\n\n\n\n<div class=\"wp-block-column is-content-justification-right is-layout-constrained wp-container-core-column-is-layout-42ea6a6d wp-block-column-is-layout-constrained\"><section  class=\"tebab-block-person_grid alignwide layout-small\">\n    <div class=\"contained\">\n        <div class=\"grid\">\n            <div class=\"person-card\">\n    \n            <div class=\"featured_image\">\n            <img loading=\"lazy\" decoding=\"async\" width=\"150\" height=\"150\" src=\"https:\/\/www.swedtrain.org\/wp-content\/uploads\/2025\/03\/Anne-Geitmann_s-150x150.png\" class=\"attachment-thumbnail size-thumbnail\" alt=\"\" srcset=\"https:\/\/www.swedtrain.org\/wp-content\/uploads\/2025\/03\/Anne-Geitmann_s-150x150.png 150w, https:\/\/www.swedtrain.org\/wp-content\/uploads\/2025\/03\/Anne-Geitmann_s.png 250w\" sizes=\"auto, (max-width: 150px) 100vw, 150px\" \/>        <\/div>\n    \n    <div class=\"content-wrapper\">\n        <div class=\"top\">\n                    <\/div>\n        \n        <h3>Anne Geitmann<\/h3>\n\n                    <div class=\"excerpt\">\n                Generalsekreterare            <\/div>\n        \n        <div class=\"links\">\n                            <a href=\"tel:+46 72 212 46 61\">\n                    <div class=\"icon icon-phone\"><\/div> +46 72 212 46 61                <\/a>\n            \n                            <a href=\"mailto:anne.geitmann@swedtrain.org\">\n                    <div class=\"icon icon-envelope\"><\/div> anne.geitmann@swedtrain.org                <\/a>\n                    <\/div>\n        \n    <\/div>\n<\/div>        <\/div>\n    <\/div>\n<\/section>\n\n\n<div class=\"wp-block-group alignwide tebab-form-image is-horizontal is-content-justification-left is-nowrap is-layout-flex wp-container-core-group-is-layout-e0598304 wp-block-group-is-layout-flex\"><div  class=\"tebab-block-icon_list\">\n    <\/div>\n\n\n<div class=\"wp-block-columns alignwide is-layout-flex wp-container-core-columns-is-layout-9d6595d7 wp-block-columns-is-layout-flex\">\n<div class=\"wp-block-column is-layout-flow wp-block-column-is-layout-flow\"><\/div>\n<\/div>\n<\/div>\n\n\n<div  class=\"tebab-block-icon_list\">\n    <\/div>\n\n<div  class=\"tebab-block-icon_list\">\n    <\/div><\/div>\n<\/div>\n\n\n\n<div style=\"height:0px\" aria-hidden=\"true\" class=\"wp-block-spacer\"><\/div>\n\n\n\n<div class=\"wp-block-group alignfull is-layout-constrained wp-block-group-is-layout-constrained\"><\/div>\n\n\n\n<div style=\"height:2px\" aria-hidden=\"true\" class=\"wp-block-spacer\"><\/div>\n\n\n<section  class=\"tebab-block-split_screen alignfull image_alignment-right\">\n    <div class=\"contained\">\n        <div class=\"tebab-block-split_screen__image-wrapper\">\n            <img loading=\"lazy\" decoding=\"async\" width=\"1620\" height=\"1080\" src=\"https:\/\/www.swedtrain.org\/wp-content\/uploads\/2025\/10\/Namnskyltar-kopiera-1620x1080.jpg\" class=\"attachment-landscape size-landscape\" alt=\"\" srcset=\"https:\/\/www.swedtrain.org\/wp-content\/uploads\/2025\/10\/Namnskyltar-kopiera-1620x1080.jpg 1620w, https:\/\/www.swedtrain.org\/wp-content\/uploads\/2025\/10\/Namnskyltar-kopiera-300x200.jpg 300w, https:\/\/www.swedtrain.org\/wp-content\/uploads\/2025\/10\/Namnskyltar-kopiera-1024x683.jpg 1024w, https:\/\/www.swedtrain.org\/wp-content\/uploads\/2025\/10\/Namnskyltar-kopiera-768x512.jpg 768w, https:\/\/www.swedtrain.org\/wp-content\/uploads\/2025\/10\/Namnskyltar-kopiera-1536x1024.jpg 1536w, https:\/\/www.swedtrain.org\/wp-content\/uploads\/2025\/10\/Namnskyltar-kopiera-2048x1365.jpg 2048w\" sizes=\"auto, (max-width: 1620px) 100vw, 1620px\" \/>        <\/div>\n\n        <div class=\"tebab-block-split_screen__content-wrapper\">\n            <h2>Become a member<\/h2>\n<p>Swedtrain arbetar f\u00f6r en l\u00e5ngsiktig och h\u00e5llbar utveckling av j\u00e4rnv\u00e4gsindustrin. Vi \u00e4r ett starkt n\u00e4tverk d\u00e4r medlemmar har stor m\u00f6jlighet att p\u00e5verka.<\/p>\n<p>Vilka fr\u00e5gor \u00e4r viktiga f\u00f6r er och vem vill du tr\u00e4ffa?<\/p>\n\n                            <div class=\"tebab-block-split_screen__buttons\">\n                                            <a href=\"https:\/\/www.swedtrain.org\/en\/bli-medlem\/\" class=\"button primary\" target=\"\" rel=\"noreferrer\">Read more<\/a>\n                                    <\/div>\n            \n        <\/div>\n    <\/div>\n<\/section>\n\n\n<div style=\"height:33px\" aria-hidden=\"true\" class=\"wp-block-spacer\"><\/div>\n\n\n\n<p><\/p>","protected":false},"excerpt":{"rendered":"<p>Kontakta oss Swedtrains kansli finns hos T\u00e5gf\u00f6retagen inom Almega, i N\u00e4ringslivets Hus i Stockholm. Se &#8221;Om oss&#8221; om du vill du komma i kontakt med styrelsen eller valberedningen.<\/p>","protected":false},"author":1,"featured_media":0,"parent":0,"menu_order":0,"comment_status":"closed","ping_status":"closed","template":"","meta":{"footnotes":""},"class_list":["post-2969458","page","type-page","status-publish","hentry"],"acf":[],"_links":{"self":[{"href":"https:\/\/www.swedtrain.org\/en\/wp-json\/wp\/v2\/pages\/2969458","targetHints":{"allow":["GET"]}}],"collection":[{"href":"https:\/\/www.swedtrain.org\/en\/wp-json\/wp\/v2\/pages"}],"about":[{"href":"https:\/\/www.swedtrain.org\/en\/wp-json\/wp\/v2\/types\/page"}],"author":[{"embeddable":true,"href":"https:\/\/www.swedtrain.org\/en\/wp-json\/wp\/v2\/users\/1"}],"replies":[{"embeddable":true,"href":"https:\/\/www.swedtrain.org\/en\/wp-json\/wp\/v2\/comments?post=2969458"}],"version-history":[{"count":43,"href":"https:\/\/www.swedtrain.org\/en\/wp-json\/wp\/v2\/pages\/2969458\/revisions"}],"predecessor-version":[{"id":2971755,"href":"https:\/\/www.swedtrain.org\/en\/wp-json\/wp\/v2\/pages\/2969458\/revisions\/2971755"}],"wp:attachment":[{"href":"https:\/\/www.swedtrain.org\/en\/wp-json\/wp\/v2\/media?parent=2969458"}],"curies":[{"name":"wp","href":"https:\/\/api.w.org\/{rel}","templated":true}]}}