{"id":2969958,"date":"2025-06-24T12:48:51","date_gmt":"2025-06-24T12:48:51","guid":{"rendered":"https:\/\/www.swedtrain.org\/?page_id=2969958"},"modified":"2026-03-20T14:42:49","modified_gmt":"2026-03-20T14:42:49","slug":"vara-fragor","status":"publish","type":"page","link":"https:\/\/www.swedtrain.org\/en\/vara-fragor\/","title":{"rendered":"Our questions"},"content":{"rendered":"<section  class=\"tebab-block-hero alignfull\" style=\"--heading-color: #ffffff;\">\n\n    <img loading=\"lazy\" decoding=\"async\" width=\"1620\" height=\"1080\" src=\"https:\/\/www.swedtrain.org\/wp-content\/uploads\/2025\/12\/AdobeStock_1560839059-1620x1080.jpeg\" class=\"attachment-landscape size-landscape\" alt=\"\" srcset=\"https:\/\/www.swedtrain.org\/wp-content\/uploads\/2025\/12\/AdobeStock_1560839059-1620x1080.jpeg 1620w, https:\/\/www.swedtrain.org\/wp-content\/uploads\/2025\/12\/AdobeStock_1560839059-300x200.jpeg 300w, https:\/\/www.swedtrain.org\/wp-content\/uploads\/2025\/12\/AdobeStock_1560839059-1024x683.jpeg 1024w, https:\/\/www.swedtrain.org\/wp-content\/uploads\/2025\/12\/AdobeStock_1560839059-768x512.jpeg 768w, https:\/\/www.swedtrain.org\/wp-content\/uploads\/2025\/12\/AdobeStock_1560839059-1536x1024.jpeg 1536w, https:\/\/www.swedtrain.org\/wp-content\/uploads\/2025\/12\/AdobeStock_1560839059-2048x1365.jpeg 2048w, https:\/\/www.swedtrain.org\/wp-content\/uploads\/2025\/12\/AdobeStock_1560839059-18x12.jpeg 18w\" sizes=\"auto, (max-width: 1620px) 100vw, 1620px\" \/>\n    <div class=\"contained\">\n                <h1 class=\"tebab-block-hero__heading\">\n            Our questions        <\/h1>\n\n                    <div class=\"tebab-block-hero__buttons\">\n                                    <a href=\"https:\/\/www.swedtrain.org\/en\/remissvar-och-stallningstaganden\/\" class=\"button primary\" target=\"\" rel=\"noreferrer\">Reference answer<\/a>\n                            <\/div>\n            <\/div>\n<\/section>\n\n\n<div style=\"height:25px\" aria-hidden=\"true\" class=\"wp-block-spacer\"><\/div>\n\n\n\n<p>Efterfr\u00e5gan p\u00e5 h\u00e5llbara transporter v\u00e4xer och fler t\u00e5g \u00e4n n\u00e5gonsin trafikerar v\u00e5ra sp\u00e5r. F\u00f6r att m\u00f6ta framtidens transportbehov kr\u00e4vs kraftfulla insatser f\u00f6r att st\u00e4rka och modernisera j\u00e4rnv\u00e4gen. <\/p>\n\n\n\n<p>Swedtrain verkar f\u00f6r att synligg\u00f6ra hur de innovationer och den kompetens som v\u00e5ra medlemsf\u00f6retag erbjuder bidrar till effektiva transporter f\u00f6r b\u00e5de m\u00e4nniskor och gods och en h\u00e5llbar framtid.<\/p>\n\n\n\n<div style=\"height:20px\" aria-hidden=\"true\" class=\"wp-block-spacer\"><\/div>\n\n\n\n<h2 class=\"wp-block-heading\">Swedtrains faktablad<\/h2>\n\n\n\n<p>Nedan presenterar vi generiska teknologier och koncept som bidrar till att hantera de stora utmaningar som j\u00e4rnv\u00e4gen, inte minst i Sverige, st\u00e5r inf\u00f6r. Fler exempel presenteras l\u00f6pande.<\/p>\n\n\n\n<div style=\"height:0px\" aria-hidden=\"true\" class=\"wp-block-spacer\"><\/div>\n\n\n<section  class=\"tebab-block-file_list\">\n    \n    \n            <div class=\"file-list\">\n                                                            <a href=\"https:\/\/www.swedtrain.org\/en\/dokument\/faktablad-spartrafik-maximal-transport-minimal-energiforbrukning-och-miljopaverkan\/\" target=\"_blank\" class=\"styled-button\">\n                    <span>Sp\u00e5rtrafikens f\u00f6rdelar \u2013 maximal transport, minimal energif\u00f6rbrukning och milj\u00f6p\u00e5verkan<\/span>\n                    <div class=\"icon-wrapper\">\n                        <div class=\"icon-external\"><\/div>\n                    <\/div>\n                <\/a>\n                                                            <a href=\"https:\/\/www.swedtrain.org\/en\/dokument\/faktablad-tillgangsforvaltning\/\" target=\"_blank\" class=\"styled-button\">\n                    <span>Tillg\u00e5ngsf\u00f6rvaltning<\/span>\n                    <div class=\"icon-wrapper\">\n                        <div class=\"icon-external\"><\/div>\n                    <\/div>\n                <\/a>\n                                                            <a href=\"https:\/\/www.swedtrain.org\/en\/dokument\/faktablad-digitala-automatkoppel-dac-forutsattningen-for-konkurrenskraftiga-jarnvagstransporter\/\" target=\"_blank\" class=\"styled-button\">\n                    <span>Digitala Automatkoppel (DAC) \u2013 f\u00f6ruts\u00e4ttningen f\u00f6r konkurrenskraftiga j\u00e4rnv\u00e4gstransporter<\/span>\n                    <div class=\"icon-wrapper\">\n                        <div class=\"icon-external\"><\/div>\n                    <\/div>\n                <\/a>\n                                                            <a href=\"https:\/\/www.swedtrain.org\/en\/dokument\/faktablad-ertms\/\" target=\"_blank\" class=\"styled-button\">\n                    <span>European Rail Traffic Management System (ERTMS) \u2013 \u00f6kad kompatibilitet och drifts\u00e4kerhet<\/span>\n                    <div class=\"icon-wrapper\">\n                        <div class=\"icon-external\"><\/div>\n                    <\/div>\n                <\/a>\n                                                            <a href=\"https:\/\/www.swedtrain.org\/en\/dokument\/effektivt-underhall\/\" target=\"_blank\" class=\"styled-button\">\n                    <span>Effektivt underh\u00e5ll<\/span>\n                    <div class=\"icon-wrapper\">\n                        <div class=\"icon-external\"><\/div>\n                    <\/div>\n                <\/a>\n                                                            <a href=\"https:\/\/www.swedtrain.org\/en\/dokument\/faktablad-om-den-tekniska-obalansen-i-jarnvagssystemet\/\" target=\"_self\" class=\"styled-button\">\n                    <span>Den tekniska obalansen i j\u00e4rnv\u00e4gssystemet<\/span>\n                    <div class=\"icon-wrapper\">\n                        <div class=\"icon-external\"><\/div>\n                    <\/div>\n                <\/a>\n                                                            <a href=\"https:\/\/www.swedtrain.org\/en\/dokument\/faktablad-digitala-tvillingar-inom-jarnvagen\/\" target=\"_blank\" class=\"styled-button\">\n                    <span>Digitala tvillingar inom j\u00e4rnv\u00e4gen<\/span>\n                    <div class=\"icon-wrapper\">\n                        <div class=\"icon-external\"><\/div>\n                    <\/div>\n                <\/a>\n                    <\/div>\n    \n<\/section>\n\n\n<div style=\"height:33px\" aria-hidden=\"true\" class=\"wp-block-spacer\"><\/div>\n\n\n\n<h2 class=\"wp-block-heading\">Swedtrains budskap<\/h2>\n\n\n\n<p>V\u00e5rt arbete utg\u00e5r fr\u00e5n fem centrala budskap som speglar v\u00e5r syn p\u00e5 hur j\u00e4rnv\u00e4gsindustrin bidrar till ett h\u00e5llbart och konkurrenskraftigt transportsystem. Dessa budskap genomsyrar v\u00e5ra st\u00e4llningstaganden och fungerar som v\u00e4gledning i v\u00e5rt arbete med att p\u00e5verka policy, utveckling och investeringar i sektorn.&nbsp;<\/p>\n\n\n\n<h4 class=\"wp-block-heading\">Quality<\/h4>\n\n\n\n<p>A railway industry characterized by quality increases customer benefit, profitability and motivates employees.<\/p>\n\n\n\n<h4 class=\"wp-block-heading\">Capacity<\/h4>\n\n\n\n<p>The demand for rail-based transport is growing and the railway industry is helping to meet the increasing capacity needs.<\/p>\n\n\n\n<h4 class=\"wp-block-heading\">Competence<\/h4>\n\n\n\n<p>The railway industry offers diverse career paths and development opportunities for current and future employees.<\/p>\n\n\n\n<h4 class=\"wp-block-heading\">Competitiveness<\/h4>\n\n\n\n<p>The railway industry contributes to attractive rail-borne freight and passenger transport, which are competitive modes of transport.<\/p>\n\n\n\n<h4 class=\"wp-block-heading\">Climate benefit<\/h4>\n\n\n\n<p>Railways are the most climate-smart and energy-efficient mode of transport.<\/p>\n\n\n\n<div style=\"height:34px\" aria-hidden=\"true\" class=\"wp-block-spacer\"><\/div>\n\n\n\n<section  class=\"tebab-block-text_columns aligncenter\">\n\t<div class=\"contained\">\n\t\t<div class=\"columns\">\n\t\t\t\t\t\t\t<div class=\"column no-image\">\n\t\t\t\t\t\t\t\t\t\t<div class=\"content\">\n\t\t\t\t\t\t<h3 class=\"column-title\">Vill du veta mer?<\/h3>\n\t\t\t\t\t\t<p class=\"column-text\">Vi \u00e4lskar att prata om m\u00f6jligheterna med ny teknologi!<\/p>\n\t\t\t\t\t\t\t\t\t\t\t\t\t<a href=\"https:\/\/www.swedtrain.org\/en\/kontakta-oss\/\" class=\"column-link button\">\n\t\t\t\t\t\t\t\tKontakta oss g\u00e4rna\t\t\t\t\t\t\t<\/a>\n\t\t\t\t\t\t\t\t\t\t\t<\/div>\n\t\t\t\t<\/div>\n\t\t\t\t\t<\/div>\n\t<\/div>\n<\/section>\n\n\n<div style=\"height:100px\" aria-hidden=\"true\" class=\"wp-block-spacer\"><\/div>","protected":false},"excerpt":{"rendered":"<p>Efterfr\u00e5gan p\u00e5 h\u00e5llbara transporter v\u00e4xer och fler t\u00e5g \u00e4n n\u00e5gonsin trafikerar v\u00e5ra sp\u00e5r. F\u00f6r att m\u00f6ta framtidens transportbehov kr\u00e4vs kraftfulla insatser f\u00f6r att st\u00e4rka och modernisera j\u00e4rnv\u00e4gen. Swedtrain verkar f\u00f6r att synligg\u00f6ra hur de innovationer och den kompetens som v\u00e5ra medlemsf\u00f6retag erbjuder bidrar till effektiva transporter f\u00f6r b\u00e5de m\u00e4nniskor och gods och en h\u00e5llbar framtid. [&hellip;]<\/p>","protected":false},"author":1,"featured_media":0,"parent":0,"menu_order":0,"comment_status":"closed","ping_status":"closed","template":"","meta":{"footnotes":""},"class_list":["post-2969958","page","type-page","status-publish","hentry"],"acf":[],"_links":{"self":[{"href":"https:\/\/www.swedtrain.org\/en\/wp-json\/wp\/v2\/pages\/2969958","targetHints":{"allow":["GET"]}}],"collection":[{"href":"https:\/\/www.swedtrain.org\/en\/wp-json\/wp\/v2\/pages"}],"about":[{"href":"https:\/\/www.swedtrain.org\/en\/wp-json\/wp\/v2\/types\/page"}],"author":[{"embeddable":true,"href":"https:\/\/www.swedtrain.org\/en\/wp-json\/wp\/v2\/users\/1"}],"replies":[{"embeddable":true,"href":"https:\/\/www.swedtrain.org\/en\/wp-json\/wp\/v2\/comments?post=2969958"}],"version-history":[{"count":50,"href":"https:\/\/www.swedtrain.org\/en\/wp-json\/wp\/v2\/pages\/2969958\/revisions"}],"predecessor-version":[{"id":2972069,"href":"https:\/\/www.swedtrain.org\/en\/wp-json\/wp\/v2\/pages\/2969958\/revisions\/2972069"}],"wp:attachment":[{"href":"https:\/\/www.swedtrain.org\/en\/wp-json\/wp\/v2\/media?parent=2969958"}],"curies":[{"name":"wp","href":"https:\/\/api.w.org\/{rel}","templated":true}]}}