{"id":2969973,"date":"2025-06-24T13:10:31","date_gmt":"2025-06-24T13:10:31","guid":{"rendered":"https:\/\/www.swedtrain.org\/?page_id=2969973"},"modified":"2026-03-03T11:00:04","modified_gmt":"2026-03-03T11:00:04","slug":"remissvar-och-stallningstaganden","status":"publish","type":"page","link":"https:\/\/www.swedtrain.org\/en\/remissvar-och-stallningstaganden\/","title":{"rendered":"Reference responses and positions"},"content":{"rendered":"<section  class=\"tebab-block-hero alignfull\" style=\"--heading-color: #ffffff;\">\n\n    <img loading=\"lazy\" decoding=\"async\" width=\"1000\" height=\"667\" src=\"https:\/\/www.swedtrain.org\/wp-content\/uploads\/2025\/06\/Remiss-shutterstock_1034123815-1.jpg\" class=\"attachment-landscape size-landscape\" alt=\"\" srcset=\"https:\/\/www.swedtrain.org\/wp-content\/uploads\/2025\/06\/Remiss-shutterstock_1034123815-1.jpg 1000w, https:\/\/www.swedtrain.org\/wp-content\/uploads\/2025\/06\/Remiss-shutterstock_1034123815-1-300x200.jpg 300w, https:\/\/www.swedtrain.org\/wp-content\/uploads\/2025\/06\/Remiss-shutterstock_1034123815-1-768x512.jpg 768w\" sizes=\"auto, (max-width: 1000px) 100vw, 1000px\" \/>\n    <div class=\"contained\">\n                <h1 class=\"tebab-block-hero__heading\">\n            Reference responses and positions        <\/h1>\n\n            <\/div>\n<\/section>\n\n\n<p><strong><br>H\u00e4r hittar du Swedtrains samlade remissvar och st\u00e4llningstaganden \u2013 ett viktigt underlag f\u00f6r att fr\u00e4mja utvecklingen av en konkurrenskraftig och h\u00e5llbar j\u00e4rnv\u00e4gssektor i Sverige.&nbsp;<\/strong>&nbsp;<\/p>\n\n\n\n<p>Genom v\u00e5ra remissvar och st\u00e4llningstaganden bidrar vi med j\u00e4rnv\u00e4gsindustrins expertis och perspektiv i viktiga fr\u00e5gor som p\u00e5verkar j\u00e4rnv\u00e4gssystemets och branschens framtid. V\u00e5rt m\u00e5l \u00e4r att s\u00e4kerst\u00e4lla att j\u00e4rnv\u00e4gens betydelse f\u00f6r ett h\u00e5llbart transportsystem \u00e5terspeglas i politiska beslut och regelverk.&nbsp;&nbsp;<\/p>\n\n\n\n<p>Utforska v\u00e5ra dokument nedan f\u00f6r att ta del av Swedtrains analyser, synpunkter och f\u00f6rslag. Tillsammans arbetar vi f\u00f6r att st\u00e4rka Sveriges j\u00e4rnv\u00e4g och m\u00f6ta framtidens transportutmaningar.&nbsp;<\/p>\n\n\n<section  class=\"tebab-block-file_list\">\n    \n            <h2>2026<\/h2>\n    \n            <div class=\"file-list\">\n                                                            <a href=\"https:\/\/www.swedtrain.org\/en\/swedtrains-remissvar-avseende-betankandet-fran-utredningen-om-effektivare-organisering-och-genomforande-av-statlig-vag-och-jarnvag\/\" target=\"_self\" class=\"styled-button\">\n                    <span>Swedtrains remissvar avseende bet\u00e4nkandet fr\u00e5n utredningen om effektivare organisering och genomf\u00f6rande av statlig v\u00e4g och j\u00e4rnv\u00e4g<\/span>\n                    <div class=\"icon-wrapper\">\n                        <div class=\"icon-external\"><\/div>\n                    <\/div>\n                <\/a>\n                    <\/div>\n    \n<\/section>\n\n<section  class=\"tebab-block-file_list\">\n    \n            <h2>2025<\/h2>\n    \n            <div class=\"file-list\">\n                                                            <a href=\"https:\/\/www.swedtrain.org\/en\/swedtrains-remissvar-avseende-forslaget-till-nationell-plan-for-transportinfrastrukturen-2026-2037\/\" target=\"_self\" class=\"styled-button\">\n                    <span>Swedtrains remissvar avseende f\u00f6rslaget till nationell plan f\u00f6r transportinfrastrukturen 2026-2037<\/span>\n                    <div class=\"icon-wrapper\">\n                        <div class=\"icon-external\"><\/div>\n                    <\/div>\n                <\/a>\n                                                            <a href=\"https:\/\/www.swedtrain.org\/en\/inspel-till-trafikverkets-uppdrag-att-vidareutveckla-trafikledning-och-infrastrukturobjekt-i-oresundsregionen\/\" target=\"_blank\" class=\"styled-button\">\n                    <span>Inspel till Trafikverkets uppdrag att vidareutveckla trafikledning och infrastrukturobjekt i \u00d6resundsregionen<\/span>\n                    <div class=\"icon-wrapper\">\n                        <div class=\"icon-external\"><\/div>\n                    <\/div>\n                <\/a>\n                                                            <a href=\"https:\/\/www.swedtrain.org\/en\/the-cyber-resilience-act-must-align-with-railway-realities\/\" target=\"_blank\" class=\"styled-button\">\n                    <span>The Cyber Resilience Act must align with railway realities<\/span>\n                    <div class=\"icon-wrapper\">\n                        <div class=\"icon-external\"><\/div>\n                    <\/div>\n                <\/a>\n                    <\/div>\n    \n<\/section>\n\n<section  class=\"tebab-block-file_list\">\n    \n            <h2>2024<\/h2>\n    \n            <div class=\"file-list\">\n                                                            <a href=\"https:\/\/www.swedtrain.org\/en\/swedtrains-remissvar-pa-transportstyrelsens-forslag-om-andrade-avgifter-for-2025\/\" target=\"_self\" class=\"styled-button\">\n                    <span>Swedtrains remissvar p\u00e5 Transportstyrelsens f\u00f6rslag om \u00e4ndrade avgifter f\u00f6r 2025<\/span>\n                    <div class=\"icon-wrapper\">\n                        <div class=\"icon-external\"><\/div>\n                    <\/div>\n                <\/a>\n                                                            <a href=\"https:\/\/www.swedtrain.org\/en\/pressmeddelande-swedtrain-valkomnar-regeringens-infrastruktursatsning-men-efterlyser-mer-fokus-pa-jarnvag\/\" target=\"_blank\" class=\"styled-button\">\n                    <span>Pressmeddelande: Swedtrain v\u00e4lkomnar regeringens infrastruktursatsning \u2013 men efterlyser mer fokus p\u00e5 j\u00e4rnv\u00e4g <\/span>\n                    <div class=\"icon-wrapper\">\n                        <div class=\"icon-external\"><\/div>\n                    <\/div>\n                <\/a>\n                                                            <a href=\"https:\/\/www.swedtrain.org\/en\/swedtrains-remissvar-pa-trafikverkets-inriktningsunderlag\/\" target=\"_blank\" class=\"styled-button\">\n                    <span>Swedtrains remissvar p\u00e5 Trafikverkets inriktningsunderlag <\/span>\n                    <div class=\"icon-wrapper\">\n                        <div class=\"icon-external\"><\/div>\n                    <\/div>\n                <\/a>\n                                                            <a href=\"https:\/\/www.swedtrain.org\/en\/swedtrain-valkomnar-trafikverkets-inriktningsunderlag-for-infrastrukturplaneringen-2026-2037\/\" target=\"_blank\" class=\"styled-button\">\n                    <span>Swedtrain v\u00e4lkomnar Trafikverkets inriktningsunderlag f\u00f6r infrastrukturplaneringen 2026-2037 <\/span>\n                    <div class=\"icon-wrapper\">\n                        <div class=\"icon-external\"><\/div>\n                    <\/div>\n                <\/a>\n                    <\/div>\n    \n<\/section>\n\n<section  class=\"tebab-block-file_list\">\n    \n            <h2>2023<\/h2>\n    \n            <div class=\"file-list\">\n                                                            <a href=\"https:\/\/www.swedtrain.org\/en\/utan-satsningar-pa-jarnvagen-kommer-inte-sverige-att-na-klimatmalen\/\" target=\"_blank\" class=\"styled-button\">\n                    <span>Utan satsningar p\u00e5 j\u00e4rnv\u00e4gen kommer inte Sverige att n\u00e5 klimatm\u00e5len <\/span>\n                    <div class=\"icon-wrapper\">\n                        <div class=\"icon-external\"><\/div>\n                    <\/div>\n                <\/a>\n                    <\/div>\n    \n<\/section>\n\n<section  class=\"tebab-block-file_list\">\n    \n            <h2>2022<\/h2>\n    \n            <div class=\"file-list\">\n                                                            <a href=\"https:\/\/www.swedtrain.org\/en\/swedtrain-svarar-om-forslaget-pa-jarnvagscollege\/\" target=\"_blank\" class=\"styled-button\">\n                    <span>Swedtrain svarar om f\u00f6rslaget p\u00e5 J\u00e4rnv\u00e4gscollege <\/span>\n                    <div class=\"icon-wrapper\">\n                        <div class=\"icon-external\"><\/div>\n                    <\/div>\n                <\/a>\n                                                            <a href=\"https:\/\/www.swedtrain.org\/en\/swedtrain-svarar-trafikverket-om-nationell-plan\/\" target=\"_blank\" class=\"styled-button\">\n                    <span>Swedtrain svarar Trafikverket om Nationell plan<\/span>\n                    <div class=\"icon-wrapper\">\n                        <div class=\"icon-external\"><\/div>\n                    <\/div>\n                <\/a>\n                    <\/div>\n    \n<\/section>\n\n<section  class=\"tebab-block-file_list\">\n    \n            <h2>2021<\/h2>\n    \n            <div class=\"file-list\">\n                                                            <a href=\"https:\/\/www.swedtrain.org\/en\/swedtrain-svarar-trafikverket-om-jarnvagens-framtid\/\" target=\"_blank\" class=\"styled-button\">\n                    <span>Swedtrain svarar Trafikverket om j\u00e4rnv\u00e4gens framtid<\/span>\n                    <div class=\"icon-wrapper\">\n                        <div class=\"icon-external\"><\/div>\n                    <\/div>\n                <\/a>\n                                                            <a href=\"https:\/\/www.swedtrain.org\/en\/swedtrain-gav-synpunkter-till-infrastrukturministern\/\" target=\"_blank\" class=\"styled-button\">\n                    <span>Swedtrain gav synpunkter till infrastrukturministern <\/span>\n                    <div class=\"icon-wrapper\">\n                        <div class=\"icon-external\"><\/div>\n                    <\/div>\n                <\/a>\n                    <\/div>\n    \n<\/section>\n\n<section  class=\"tebab-block-file_list\">\n    \n            <h2>2020<\/h2>\n    \n            <div class=\"file-list\">\n                                                            <a href=\"https:\/\/www.swedtrain.org\/en\/swedtrain-debatterar-i-svd-om-elvagar\/\" target=\"_blank\" class=\"styled-button\">\n                    <span>Swedtrain debatterar i Svd om elv\u00e4gar<\/span>\n                    <div class=\"icon-wrapper\">\n                        <div class=\"icon-external\"><\/div>\n                    <\/div>\n                <\/a>\n                    <\/div>\n    \n<\/section>\n\n<section  class=\"tebab-block-file_list\">\n    \n            <h2>2016<\/h2>\n    \n            <div class=\"file-list\">\n                                                            <a href=\"https:\/\/www.swedtrain.org\/en\/swedtrain-lamnar-remissvar-till-naringsdepartementet\/\" target=\"_blank\" class=\"styled-button\">\n                    <span>Swedtrains remissvar till N\u00e4ringsdepartementet g\u00e4llande h\u00f6ghastighetsj\u00e4rnv\u00e4gens finansiering och kommersiella f\u00f6ruts\u00e4ttningar<\/span>\n                    <div class=\"icon-wrapper\">\n                        <div class=\"icon-external\"><\/div>\n                    <\/div>\n                <\/a>\n                                                            <a href=\"https:\/\/www.swedtrain.org\/en\/swedtrain-lamnar-remissvar-till-trafikverket\/\" target=\"_blank\" class=\"styled-button\">\n                    <span>Remissvar Trafikverkets f\u00f6rslag till Inriktningsunderlag inf\u00f6r transportinfrastrukturplaneringen f\u00f6r perioden 2018-2029<\/span>\n                    <div class=\"icon-wrapper\">\n                        <div class=\"icon-external\"><\/div>\n                    <\/div>\n                <\/a>\n                    <\/div>\n    \n<\/section>\n\n<section  class=\"tebab-block-file_list\">\n    \n            <h2>2015<\/h2>\n    \n            <div class=\"file-list\">\n                                                            <a href=\"https:\/\/www.swedtrain.org\/en\/remissvar-till-delbetankandet-koll-pa-anlaggningen\/\" target=\"_blank\" class=\"styled-button\">\n                    <span>Remissvar till delbet\u00e4nkandet: Koll p\u00e5 Anl\u00e4ggningen<\/span>\n                    <div class=\"icon-wrapper\">\n                        <div class=\"icon-external\"><\/div>\n                    <\/div>\n                <\/a>\n                    <\/div>\n    \n<\/section>\n\n\n<div style=\"height:100px\" aria-hidden=\"true\" class=\"wp-block-spacer\"><\/div>","protected":false},"excerpt":{"rendered":"<p>H\u00e4r hittar du Swedtrains samlade remissvar och st\u00e4llningstaganden \u2013 ett viktigt underlag f\u00f6r att fr\u00e4mja utvecklingen av en konkurrenskraftig och h\u00e5llbar j\u00e4rnv\u00e4gssektor i Sverige.&nbsp;&nbsp; Genom v\u00e5ra remissvar och st\u00e4llningstaganden bidrar vi med j\u00e4rnv\u00e4gsindustrins expertis och perspektiv i viktiga fr\u00e5gor som p\u00e5verkar j\u00e4rnv\u00e4gssystemets och branschens framtid. V\u00e5rt m\u00e5l \u00e4r att s\u00e4kerst\u00e4lla att j\u00e4rnv\u00e4gens betydelse f\u00f6r ett [&hellip;]<\/p>","protected":false},"author":1,"featured_media":0,"parent":0,"menu_order":0,"comment_status":"closed","ping_status":"closed","template":"","meta":{"footnotes":""},"class_list":["post-2969973","page","type-page","status-publish","hentry"],"acf":[],"_links":{"self":[{"href":"https:\/\/www.swedtrain.org\/en\/wp-json\/wp\/v2\/pages\/2969973","targetHints":{"allow":["GET"]}}],"collection":[{"href":"https:\/\/www.swedtrain.org\/en\/wp-json\/wp\/v2\/pages"}],"about":[{"href":"https:\/\/www.swedtrain.org\/en\/wp-json\/wp\/v2\/types\/page"}],"author":[{"embeddable":true,"href":"https:\/\/www.swedtrain.org\/en\/wp-json\/wp\/v2\/users\/1"}],"replies":[{"embeddable":true,"href":"https:\/\/www.swedtrain.org\/en\/wp-json\/wp\/v2\/comments?post=2969973"}],"version-history":[{"count":16,"href":"https:\/\/www.swedtrain.org\/en\/wp-json\/wp\/v2\/pages\/2969973\/revisions"}],"predecessor-version":[{"id":2972031,"href":"https:\/\/www.swedtrain.org\/en\/wp-json\/wp\/v2\/pages\/2969973\/revisions\/2972031"}],"wp:attachment":[{"href":"https:\/\/www.swedtrain.org\/en\/wp-json\/wp\/v2\/media?parent=2969973"}],"curies":[{"name":"wp","href":"https:\/\/api.w.org\/{rel}","templated":true}]}}