{"id":2969983,"date":"2025-06-24T13:24:08","date_gmt":"2025-06-24T13:24:08","guid":{"rendered":"https:\/\/www.swedtrain.org\/?page_id=2969983"},"modified":"2025-12-16T15:10:39","modified_gmt":"2025-12-16T15:10:39","slug":"om-oss","status":"publish","type":"page","link":"https:\/\/www.swedtrain.org\/en\/om-oss\/","title":{"rendered":"About us"},"content":{"rendered":"<section  class=\"tebab-block-hero alignfull\" style=\"--heading-color: #ffffff;\">\n\n    <img loading=\"lazy\" decoding=\"async\" width=\"1620\" height=\"1080\" src=\"https:\/\/www.swedtrain.org\/wp-content\/uploads\/2025\/10\/OSIMG_3743-kopiera-1620x1080.jpg\" class=\"attachment-landscape size-landscape\" alt=\"\" srcset=\"https:\/\/www.swedtrain.org\/wp-content\/uploads\/2025\/10\/OSIMG_3743-kopiera-1620x1080.jpg 1620w, https:\/\/www.swedtrain.org\/wp-content\/uploads\/2025\/10\/OSIMG_3743-kopiera-300x200.jpg 300w, https:\/\/www.swedtrain.org\/wp-content\/uploads\/2025\/10\/OSIMG_3743-kopiera-1024x683.jpg 1024w, https:\/\/www.swedtrain.org\/wp-content\/uploads\/2025\/10\/OSIMG_3743-kopiera-768x512.jpg 768w, https:\/\/www.swedtrain.org\/wp-content\/uploads\/2025\/10\/OSIMG_3743-kopiera-1536x1024.jpg 1536w, https:\/\/www.swedtrain.org\/wp-content\/uploads\/2025\/10\/OSIMG_3743-kopiera.jpg 2048w\" sizes=\"auto, (max-width: 1620px) 100vw, 1620px\" \/>\n    <div class=\"contained\">\n                <h1 class=\"tebab-block-hero__heading\">\n            About us        <\/h1>\n\n                    <div class=\"tebab-block-hero__buttons\">\n                                    <a href=\"https:\/\/www.swedtrain.org\/en\/fokusgrupper\/\" class=\"button primary\" target=\"\" rel=\"noreferrer\">Focus groups<\/a>\n                                    <a href=\"https:\/\/www.swedtrain.org\/en\/kontakta-oss\/\" class=\"button primary\" target=\"\" rel=\"noreferrer\">Contact us<\/a>\n                            <\/div>\n            <\/div>\n<\/section>\n\n\n<div style=\"height:30px\" aria-hidden=\"true\" class=\"wp-block-spacer\"><\/div>\n\n\n\n<div class=\"wp-block-columns alignwide is-layout-flex wp-container-core-columns-is-layout-9d6595d7 wp-block-columns-is-layout-flex\">\n<div class=\"wp-block-column is-layout-flow wp-block-column-is-layout-flow\">\n<h2 class=\"wp-block-heading\"><strong>Swedtrain \u00e4r branschorganisationen f\u00f6r industrin och l\u00e4ros\u00e4tena som levererar moderna teknologier, innovationer och h\u00e5llbara l\u00f6sningar f\u00f6r framtidens j\u00e4rnv\u00e4gssystem.<\/strong><\/h2>\n<\/div>\n\n\n\n<div class=\"wp-block-column is-layout-flow wp-block-column-is-layout-flow\">\n<p>Bland v\u00e5ra medlemmar finns leverant\u00f6rer med spetskompetens inom j\u00e4rnv\u00e4gsfordon, fordonskomponenter, sp\u00e5rteknik, underh\u00e5ll, konsulttj\u00e4nster och forskning. V\u00e5ra l\u00f6sningar och v\u00e5r kompetens m\u00f6jligg\u00f6r effektiva transporter f\u00f6r b\u00e5de m\u00e4nniskor och gods och bidrar till en h\u00e5llbar framtid. <\/p>\n\n\n\n<p>L\u00e4s mer om v\u00e5ra prioriterade fr\u00e5gor och initiativ under <a href=\"https:\/\/www.swedtrain.org\/en\/vara-fragor\/\" data-type=\"link\" data-id=\"https:\/\/www.swedtrain.org\/vara-fragor\/\">Our questions<\/a>.<\/p>\n<\/div>\n<\/div>\n\n\n\n<figure class=\"wp-block-embed is-type-video is-provider-youtube wp-block-embed-youtube wp-embed-aspect-16-9 wp-has-aspect-ratio\"><div class=\"wp-block-embed__wrapper\">\n<iframe loading=\"lazy\" title=\"Vi \u00e4r swedtrain\" width=\"500\" height=\"281\" src=\"https:\/\/www.youtube.com\/embed\/uEIYW49ZSCg?feature=oembed\" frameborder=\"0\" allow=\"accelerometer; autoplay; clipboard-write; encrypted-media; gyroscope; picture-in-picture; web-share\" referrerpolicy=\"strict-origin-when-cross-origin\" allowfullscreen><\/iframe>\n<\/div><\/figure>\n\n\n\n<div style=\"height:50px\" aria-hidden=\"true\" class=\"wp-block-spacer\"><\/div>\n\n\n\n<h2 class=\"wp-block-heading alignwide\">V\u00e5r styrelse<\/h2>\n\n\n<section  class=\"tebab-block-person_grid alignwide layout-small\">\n    <div class=\"contained\">\n        <div class=\"grid\">\n            <div class=\"person-card\">\n    \n    \n    <div class=\"content-wrapper\">\n        <div class=\"top\">\n                            <div class=\"title\">\n                    Customer Director, Alstom Transport AB                <\/div>\n                    <\/div>\n        \n        <h3>Bj\u00f6rn Asplund<\/h3>\n\n                    <div class=\"excerpt\">\n                Ordf\u00f6rande            <\/div>\n        \n        <div class=\"links\">\n            \n                            <a href=\"mailto:bjorn.asplund@alstomgroup.com\">\n                    <div class=\"icon icon-envelope\"><\/div> bjorn.asplund@alstomgroup.com                <\/a>\n                    <\/div>\n        \n    <\/div>\n<\/div><div class=\"person-card\">\n    \n    \n    <div class=\"content-wrapper\">\n        <div class=\"top\">\n                            <div class=\"title\">\n                    vd, Siemens Mobility AB                <\/div>\n                    <\/div>\n        \n        <h3>Kristina Nyquist<\/h3>\n\n                    <div class=\"excerpt\">\n                Vice ordf\u00f6rande            <\/div>\n        \n        <div class=\"links\">\n            \n                            <a href=\"mailto:kristina.nyquist@siemens.com\">\n                    <div class=\"icon icon-envelope\"><\/div> kristina.nyquist@siemens.com                <\/a>\n                    <\/div>\n        \n    <\/div>\n<\/div><div class=\"person-card\">\n    \n    \n    <div class=\"content-wrapper\">\n        <div class=\"top\">\n                            <div class=\"title\">\n                    Centrumf\u00f6rest\u00e5ndare Charmec, Chalmers                <\/div>\n                    <\/div>\n        \n        <h3>Anders Ekberg<\/h3>\n\n                    <div class=\"excerpt\">\n                Ledamot            <\/div>\n        \n        <div class=\"links\">\n            \n                            <a href=\"mailto:anders.ekberg@chalmers.se\">\n                    <div class=\"icon icon-envelope\"><\/div> anders.ekberg@chalmers.se                <\/a>\n                    <\/div>\n        \n    <\/div>\n<\/div><div class=\"person-card\">\n    \n    \n    <div class=\"content-wrapper\">\n        <div class=\"top\">\n                            <div class=\"title\">\n                    vd, Prover Technology AB                <\/div>\n                    <\/div>\n        \n        <h3>Anders Lind\u00e9n<\/h3>\n\n                    <div class=\"excerpt\">\n                Ledamot            <\/div>\n        \n        <div class=\"links\">\n            \n                            <a href=\"mailto:anders.linden@prover.com\">\n                    <div class=\"icon icon-envelope\"><\/div> anders.linden@prover.com                <\/a>\n                    <\/div>\n        \n    <\/div>\n<\/div><div class=\"person-card\">\n    \n    \n    <div class=\"content-wrapper\">\n        <div class=\"top\">\n                            <div class=\"title\">\n                    CMO Marketing &#038; Sales Director, Euromaint Rail AB                <\/div>\n                    <\/div>\n        \n        <h3>Antonio Daban<\/h3>\n\n                    <div class=\"excerpt\">\n                Ledamot            <\/div>\n        \n        <div class=\"links\">\n            \n                            <a href=\"mailto:antonio.daban@euromaint.com\">\n                    <div class=\"icon icon-envelope\"><\/div> antonio.daban@euromaint.com                <\/a>\n                    <\/div>\n        \n    <\/div>\n<\/div><div class=\"person-card\">\n    \n    \n    <div class=\"content-wrapper\">\n        <div class=\"top\">\n                            <div class=\"title\">\n                    Aff\u00e4rsomr\u00e5deschef Sp\u00e5rfordon, Systra AB                <\/div>\n                    <\/div>\n        \n        <h3>Christian Schmidt<\/h3>\n\n                    <div class=\"excerpt\">\n                Ledamot            <\/div>\n        \n        <div class=\"links\">\n            \n                            <a href=\"mailto:cschmidt@systra.com\">\n                    <div class=\"icon icon-envelope\"><\/div> cschmidt@systra.com                <\/a>\n                    <\/div>\n        \n    <\/div>\n<\/div><div class=\"person-card\">\n    \n    \n    <div class=\"content-wrapper\">\n        <div class=\"top\">\n                            <div class=\"title\">\n                    Business Developer, Vossloh Nordic Switch Systems AB                <\/div>\n                    <\/div>\n        \n        <h3>Daniel \u00d6holm<\/h3>\n\n                    <div class=\"excerpt\">\n                Ledamot            <\/div>\n        \n        <div class=\"links\">\n            \n                            <a href=\"mailto:daniel.oeholm@vossloh.com\">\n                    <div class=\"icon icon-envelope\"><\/div> daniel.oeholm@vossloh.com                <\/a>\n                    <\/div>\n        \n    <\/div>\n<\/div><div class=\"person-card\">\n    \n    \n    <div class=\"content-wrapper\">\n        <div class=\"top\">\n                            <div class=\"title\">\n                    Regional Director Nordic \u2013 Services, Wabtec Faiveley Nordic AB                <\/div>\n                    <\/div>\n        \n        <h3>Magnus Larsson<\/h3>\n\n                    <div class=\"excerpt\">\n                Ledamot            <\/div>\n        \n        <div class=\"links\">\n            \n                            <a href=\"mailto:magnus.larsson@wabtec.com\">\n                    <div class=\"icon icon-envelope\"><\/div> magnus.larsson@wabtec.com                <\/a>\n                    <\/div>\n        \n    <\/div>\n<\/div><div class=\"person-card\">\n    \n    \n    <div class=\"content-wrapper\">\n        <div class=\"top\">\n                            <div class=\"title\">\n                    Sales Manager, Voith Turbo Safeset AB                <\/div>\n                    <\/div>\n        \n        <h3>Sverker Hoflin<\/h3>\n\n                    <div class=\"excerpt\">\n                Ledamot            <\/div>\n        \n        <div class=\"links\">\n            \n                            <a href=\"mailto:sverker.hoflin@voith.com\">\n                    <div class=\"icon icon-envelope\"><\/div> sverker.hoflin@voith.com                <\/a>\n                    <\/div>\n        \n    <\/div>\n<\/div>        <\/div>\n    <\/div>\n<\/section>\n\n\n<div style=\"height:50px\" aria-hidden=\"true\" class=\"wp-block-spacer\"><\/div>\n\n\n\n<h2 class=\"wp-block-heading alignwide\">Adjungerade<\/h2>\n\n\n<section  class=\"tebab-block-person_grid alignwide layout-small\">\n    <div class=\"contained\">\n        <div class=\"grid\">\n            <div class=\"person-card\">\n    \n    \n    <div class=\"content-wrapper\">\n        <div class=\"top\">\n                            <div class=\"title\">\n                    Director of the KTH Railway Group and Deputy Head of the Department of Engineering Mechanics. KTH                <\/div>\n                    <\/div>\n        \n        <h3>Sebastian Stichel<\/h3>\n\n                    <div class=\"excerpt\">\n                Adjungerad            <\/div>\n        \n        <div class=\"links\">\n            \n                            <a href=\"mailto:stichel@kth.se\">\n                    <div class=\"icon icon-envelope\"><\/div> stichel@kth.se                <\/a>\n                    <\/div>\n        \n    <\/div>\n<\/div><div class=\"person-card\">\n    \n    \n    <div class=\"content-wrapper\">\n        <div class=\"top\">\n                            <div class=\"title\">\n                    Verksamhetledare f\u00f6r J\u00e4rnv\u00e4gstekniskt centrum (JVTC), Lule\u00e5 Tekniska Universitet                <\/div>\n                    <\/div>\n        \n        <h3>Veronica J\u00e4gare<\/h3>\n\n                    <div class=\"excerpt\">\n                Adjungerad            <\/div>\n        \n        <div class=\"links\">\n            \n                            <a href=\"mailto:veronica.jagare@ltu.se\">\n                    <div class=\"icon icon-envelope\"><\/div> veronica.jagare@ltu.se                <\/a>\n                    <\/div>\n        \n    <\/div>\n<\/div>        <\/div>\n    <\/div>\n<\/section>\n\n\n<div style=\"height:50px\" aria-hidden=\"true\" class=\"wp-block-spacer\"><\/div>\n\n\n\n<h2 class=\"wp-block-heading alignwide\">Valberedning<\/h2>\n\n\n<section  class=\"tebab-block-person_grid alignwide layout-small\">\n    <div class=\"contained\">\n        <div class=\"grid\">\n            <div class=\"person-card\">\n    \n    \n    <div class=\"content-wrapper\">\n        <div class=\"top\">\n                            <div class=\"title\">\n                    Systra AB                <\/div>\n                    <\/div>\n        \n        <h3>Fredrik Raaf<\/h3>\n\n                    <div class=\"excerpt\">\n                Valberedning            <\/div>\n        \n        <div class=\"links\">\n            \n                            <a href=\"mailto:fraaf@systra.com\">\n                    <div class=\"icon icon-envelope\"><\/div> fraaf@systra.com                <\/a>\n                    <\/div>\n        \n    <\/div>\n<\/div><div class=\"person-card\">\n    \n    \n    <div class=\"content-wrapper\">\n        <div class=\"top\">\n                            <div class=\"title\">\n                    Alstom Transport AB                <\/div>\n                    <\/div>\n        \n        <h3>Maria Parent<\/h3>\n\n                    <div class=\"excerpt\">\n                Valberedning            <\/div>\n        \n        <div class=\"links\">\n            \n                            <a href=\"mailto:maria.parent@alstomgroup.com\">\n                    <div class=\"icon icon-envelope\"><\/div> maria.parent@alstomgroup.com                <\/a>\n                    <\/div>\n        \n    <\/div>\n<\/div><div class=\"person-card\">\n    \n    \n    <div class=\"content-wrapper\">\n        <div class=\"top\">\n                            <div class=\"title\">\n                    Prover Technology AB                <\/div>\n                    <\/div>\n        \n        <h3>Mats Boman<\/h3>\n\n                    <div class=\"excerpt\">\n                Valberedning            <\/div>\n        \n        <div class=\"links\">\n            \n                            <a href=\"mailto:mats.boman@prover.com\">\n                    <div class=\"icon icon-envelope\"><\/div> mats.boman@prover.com                <\/a>\n                    <\/div>\n        \n    <\/div>\n<\/div><div class=\"person-card\">\n    \n    \n    <div class=\"content-wrapper\">\n        <div class=\"top\">\n                            <div class=\"title\">\n                    Vossloh Nordic Switch Systems AB                <\/div>\n                    <\/div>\n        \n        <h3>Peter Johnsson<\/h3>\n\n                    <div class=\"excerpt\">\n                Valberedning            <\/div>\n        \n        <div class=\"links\">\n            \n                            <a href=\"mailto:peter.johnsson@vossloh.com\">\n                    <div class=\"icon icon-envelope\"><\/div> peter.johnsson@vossloh.com                <\/a>\n                    <\/div>\n        \n    <\/div>\n<\/div>        <\/div>\n    <\/div>\n<\/section>\n\n\n<div style=\"height:50px\" aria-hidden=\"true\" class=\"wp-block-spacer\"><\/div>\n\n\n\n<section  class=\"tebab-block-text_columns alignwide\">\n\t<div class=\"contained\">\n\t\t<div class=\"columns\">\n\t\t\t\t\t\t\t<div class=\"column no-image\">\n\t\t\t\t\t\t\t\t\t\t<div class=\"content\">\n\t\t\t\t\t\t<h3 class=\"column-title\">Unife<\/h3>\n\t\t\t\t\t\t<p class=\"column-text\">Swedtrain \u00e4r associerad medlem i j\u00e4rnv\u00e4gsindustrins europaf\u00f6rening, UNIFE.<br \/>\r\n<br \/>\r\nObservera att medlemskap i Swedtrain inte inkluderar tillg\u00e5ng till UNIFE:s medlemsf\u00f6rm\u00e5ner och tj\u00e4nster.<\/p>\n\t\t\t\t\t\t\t\t\t\t\t\t\t<a href=\"https:\/\/www.unife.org\/\" class=\"column-link button\">\n\t\t\t\t\t\t\t\tRead more\t\t\t\t\t\t\t<\/a>\n\t\t\t\t\t\t\t\t\t\t\t<\/div>\n\t\t\t\t<\/div>\n\t\t\t\t\t\t\t<div class=\"column no-image\">\n\t\t\t\t\t\t\t\t\t\t<div class=\"content\">\n\t\t\t\t\t\t<h3 class=\"column-title\">Stadgar och Policys<\/h3>\n\t\t\t\t\t\t<p class=\"column-text\">Swedtrain&#039;s operations are primarily governed by our statutes. We also have a code of conduct and a personal data policy.<\/p>\n\t\t\t\t\t\t\t\t\t\t\t\t\t<a href=\"https:\/\/www.swedtrain.org\/en\/stadgar-policys\/\" class=\"column-link button\">\n\t\t\t\t\t\t\t\tRead more\t\t\t\t\t\t\t<\/a>\n\t\t\t\t\t\t\t\t\t\t\t<\/div>\n\t\t\t\t<\/div>\n\t\t\t\t\t<\/div>\n\t<\/div>\n<\/section>\n\n\n<div style=\"height:100px\" aria-hidden=\"true\" class=\"wp-block-spacer\"><\/div>","protected":false},"excerpt":{"rendered":"<p>Swedtrain \u00e4r branschorganisationen f\u00f6r industrin och l\u00e4ros\u00e4tena som levererar moderna teknologier, innovationer och h\u00e5llbara l\u00f6sningar f\u00f6r framtidens j\u00e4rnv\u00e4gssystem. Bland v\u00e5ra medlemmar finns leverant\u00f6rer med spetskompetens inom j\u00e4rnv\u00e4gsfordon, fordonskomponenter, sp\u00e5rteknik, underh\u00e5ll, konsulttj\u00e4nster och forskning. V\u00e5ra l\u00f6sningar och v\u00e5r kompetens m\u00f6jligg\u00f6r effektiva transporter f\u00f6r b\u00e5de m\u00e4nniskor och gods och bidrar till en h\u00e5llbar framtid. L\u00e4s mer om [&hellip;]<\/p>","protected":false},"author":1,"featured_media":0,"parent":0,"menu_order":0,"comment_status":"closed","ping_status":"closed","template":"","meta":{"footnotes":""},"class_list":["post-2969983","page","type-page","status-publish","hentry"],"acf":[],"_links":{"self":[{"href":"https:\/\/www.swedtrain.org\/en\/wp-json\/wp\/v2\/pages\/2969983","targetHints":{"allow":["GET"]}}],"collection":[{"href":"https:\/\/www.swedtrain.org\/en\/wp-json\/wp\/v2\/pages"}],"about":[{"href":"https:\/\/www.swedtrain.org\/en\/wp-json\/wp\/v2\/types\/page"}],"author":[{"embeddable":true,"href":"https:\/\/www.swedtrain.org\/en\/wp-json\/wp\/v2\/users\/1"}],"replies":[{"embeddable":true,"href":"https:\/\/www.swedtrain.org\/en\/wp-json\/wp\/v2\/comments?post=2969983"}],"version-history":[{"count":36,"href":"https:\/\/www.swedtrain.org\/en\/wp-json\/wp\/v2\/pages\/2969983\/revisions"}],"predecessor-version":[{"id":2971634,"href":"https:\/\/www.swedtrain.org\/en\/wp-json\/wp\/v2\/pages\/2969983\/revisions\/2971634"}],"wp:attachment":[{"href":"https:\/\/www.swedtrain.org\/en\/wp-json\/wp\/v2\/media?parent=2969983"}],"curies":[{"name":"wp","href":"https:\/\/api.w.org\/{rel}","templated":true}]}}