{"id":2970001,"date":"2025-06-24T13:57:17","date_gmt":"2025-06-24T13:57:17","guid":{"rendered":"https:\/\/www.swedtrain.org\/?page_id=2970001"},"modified":"2026-03-04T15:40:06","modified_gmt":"2026-03-04T15:40:06","slug":"innotrans","status":"publish","type":"page","link":"https:\/\/www.swedtrain.org\/en\/innotrans\/","title":{"rendered":"Innotrans"},"content":{"rendered":"<section  class=\"tebab-block-hero alignfull\" style=\"--heading-color: #ffffff;\">\n\n    <img loading=\"lazy\" decoding=\"async\" width=\"1920\" height=\"1078\" src=\"https:\/\/www.swedtrain.org\/wp-content\/uploads\/2025\/06\/Ingang-Messe-Berlin-1920x1078.jpg\" class=\"attachment-landscape size-landscape\" alt=\"\" srcset=\"https:\/\/www.swedtrain.org\/wp-content\/uploads\/2025\/06\/Ingang-Messe-Berlin-1920x1078.jpg 1920w, https:\/\/www.swedtrain.org\/wp-content\/uploads\/2025\/06\/Ingang-Messe-Berlin-300x168.jpg 300w, https:\/\/www.swedtrain.org\/wp-content\/uploads\/2025\/06\/Ingang-Messe-Berlin-1024x575.jpg 1024w, https:\/\/www.swedtrain.org\/wp-content\/uploads\/2025\/06\/Ingang-Messe-Berlin-768x431.jpg 768w, https:\/\/www.swedtrain.org\/wp-content\/uploads\/2025\/06\/Ingang-Messe-Berlin-1536x862.jpg 1536w, https:\/\/www.swedtrain.org\/wp-content\/uploads\/2025\/06\/Ingang-Messe-Berlin.jpg 2000w\" sizes=\"auto, (max-width: 1920px) 100vw, 1920px\" \/>\n    <div class=\"contained\">\n                <h1 class=\"tebab-block-hero__heading\">\n            Innotrans        <\/h1>\n\n            <\/div>\n<\/section>\n\n\n<div style=\"height:30px\" aria-hidden=\"true\" class=\"wp-block-spacer\"><\/div>\n\n\n\n<p><strong>Innotrans \u00e4r v\u00e4rldens st\u00f6rsta m\u00e4ssa f\u00f6r transportteknik och h\u00e5lls vartannat \u00e5r i Berlin. M\u00e4ssan samlar tusentals bes\u00f6kare och utst\u00e4llare fr\u00e5n hela v\u00e4rlden f\u00f6r att visa upp de senaste innovationerna inom j\u00e4rnv\u00e4gsteknik, j\u00e4rnv\u00e4gsinfrastruktur, kollektivtrafik, interi\u00f6rer och tunnelbyggen.<\/strong><\/p>\n\n\n\n<h2 class=\"wp-block-heading\">Branscht\u00e5g<\/h2>\n\n\n\n<p>Sedan 2022 arrangerar Swedtrain och Sn\u00e4llt\u00e5get ett gemensamt branscht\u00e5g till Innotrans. H\u00e4r blir t\u00e5gresan en m\u00f6tesplats f\u00f6r samtal och m\u00f6ten, d\u00e4r f\u00f6retag f\u00e5r chans att samlas, byta id\u00e9er och skapa nya kontakter redan p\u00e5 v\u00e4gen. Dessutom visar vi stolt upp hur den svenska j\u00e4rnv\u00e4gsbranschen tillsammans v\u00e4ljer att resa h\u00e5llbart till v\u00e4rldens st\u00f6rsta j\u00e4rnv\u00e4gsm\u00e4ssa! <\/p>\n\n\n\n<p><a href=\"https:\/\/www.swedtrain.org\/en\/kalender\/\">I v\u00e5r kalender<\/a> hittar du alltid aktuell information i samband med kommande m\u00e4ssor.<\/p>\n\n\n\n<h2 class=\"wp-block-heading\">Branschmingel<\/h2>\n\n\n\n<p>De senaste \u00e5ren har Swedtrain ordnat uppskattade branschmingel f\u00f6r medlemsf\u00f6retagen, deras kunder och samarbetspartner. Tidigare har vi samlats p\u00e5 svenska ambassaden i Berlin eller direkt p\u00e5 m\u00e4ssgolvet hos utst\u00e4llande medlemsf\u00f6retag. Dessa m\u00f6ten erbjuder en perfekt m\u00f6jlighet f\u00f6r n\u00e4tverkande och att knyta v\u00e4rdefulla kontakter i en avslappnad och inspirerande milj\u00f6.<\/p>\n\n\n\n<div style=\"height:0px\" aria-hidden=\"true\" class=\"wp-block-spacer\"><\/div>\n\n\n\n<blockquote class=\"wp-block-quote is-layout-flow wp-block-quote-is-layout-flow\">\n<p class=\"has-medium-font-size\"><em>\u2013 V\u00e5ra medlemsf\u00f6retag har en l\u00e5ng tradition av framst\u00e5ende l\u00f6sningar anpassade f\u00f6r den globala j\u00e4rnv\u00e4gsindustrin. Den senaste Innotrans genererade m\u00e5nga leads och m\u00f6ten med nya och befintliga kontakter, s\u00e4ger Anne Geitmann, generalsekreterare Swedtrain.<\/em><\/p>\n\n\n\n<div style=\"height:30px\" aria-hidden=\"true\" class=\"wp-block-spacer\"><\/div>\n\n\n\n<div class=\"wp-block-columns is-layout-flex wp-container-core-columns-is-layout-9d6595d7 wp-block-columns-is-layout-flex\">\n<div class=\"wp-block-column is-layout-flow wp-block-column-is-layout-flow\">\n<figure class=\"wp-block-image size-full\"><img loading=\"lazy\" decoding=\"async\" width=\"1024\" height=\"576\" src=\"https:\/\/www.swedtrain.org\/wp-content\/uploads\/2025\/06\/Innotrans_24_01-1024x576-1.jpg\" alt=\"\" class=\"wp-image-2970783\" srcset=\"https:\/\/www.swedtrain.org\/wp-content\/uploads\/2025\/06\/Innotrans_24_01-1024x576-1.jpg 1024w, https:\/\/www.swedtrain.org\/wp-content\/uploads\/2025\/06\/Innotrans_24_01-1024x576-1-300x169.jpg 300w, https:\/\/www.swedtrain.org\/wp-content\/uploads\/2025\/06\/Innotrans_24_01-1024x576-1-768x432.jpg 768w\" sizes=\"auto, (max-width: 1024px) 100vw, 1024px\" \/><\/figure>\n<\/div>\n\n\n\n<div class=\"wp-block-column is-layout-flow wp-block-column-is-layout-flow\">\n<figure class=\"wp-block-image size-full\"><img loading=\"lazy\" decoding=\"async\" width=\"1024\" height=\"576\" src=\"https:\/\/www.swedtrain.org\/wp-content\/uploads\/2025\/06\/Innotrans_24_02-1024x576-1.jpg\" alt=\"\" class=\"wp-image-2970784\" srcset=\"https:\/\/www.swedtrain.org\/wp-content\/uploads\/2025\/06\/Innotrans_24_02-1024x576-1.jpg 1024w, https:\/\/www.swedtrain.org\/wp-content\/uploads\/2025\/06\/Innotrans_24_02-1024x576-1-300x169.jpg 300w, https:\/\/www.swedtrain.org\/wp-content\/uploads\/2025\/06\/Innotrans_24_02-1024x576-1-768x432.jpg 768w\" sizes=\"auto, (max-width: 1024px) 100vw, 1024px\" \/><\/figure>\n<\/div>\n<\/div>\n\n\n\n<div class=\"wp-block-columns is-layout-flex wp-container-core-columns-is-layout-9d6595d7 wp-block-columns-is-layout-flex\">\n<div class=\"wp-block-column is-layout-flow wp-block-column-is-layout-flow\">\n<figure class=\"wp-block-image size-full\"><img loading=\"lazy\" decoding=\"async\" width=\"1024\" height=\"576\" src=\"https:\/\/www.swedtrain.org\/wp-content\/uploads\/2025\/06\/Innotrans_24_03-1024x576-1.jpg\" alt=\"\" class=\"wp-image-2970785\" srcset=\"https:\/\/www.swedtrain.org\/wp-content\/uploads\/2025\/06\/Innotrans_24_03-1024x576-1.jpg 1024w, https:\/\/www.swedtrain.org\/wp-content\/uploads\/2025\/06\/Innotrans_24_03-1024x576-1-300x169.jpg 300w, https:\/\/www.swedtrain.org\/wp-content\/uploads\/2025\/06\/Innotrans_24_03-1024x576-1-768x432.jpg 768w\" sizes=\"auto, (max-width: 1024px) 100vw, 1024px\" \/><\/figure>\n<\/div>\n\n\n\n<div class=\"wp-block-column is-layout-flow wp-block-column-is-layout-flow\">\n<figure class=\"wp-block-image size-full\"><img loading=\"lazy\" decoding=\"async\" width=\"1024\" height=\"576\" src=\"https:\/\/www.swedtrain.org\/wp-content\/uploads\/2025\/06\/Innotrans_24_04-1024x576-1.jpg\" alt=\"\" class=\"wp-image-2970786\" srcset=\"https:\/\/www.swedtrain.org\/wp-content\/uploads\/2025\/06\/Innotrans_24_04-1024x576-1.jpg 1024w, https:\/\/www.swedtrain.org\/wp-content\/uploads\/2025\/06\/Innotrans_24_04-1024x576-1-300x169.jpg 300w, https:\/\/www.swedtrain.org\/wp-content\/uploads\/2025\/06\/Innotrans_24_04-1024x576-1-768x432.jpg 768w\" sizes=\"auto, (max-width: 1024px) 100vw, 1024px\" \/><\/figure>\n<\/div>\n<\/div>\n<\/blockquote>\n\n\n\n<div style=\"height:30px\" aria-hidden=\"true\" class=\"wp-block-spacer\"><\/div>\n\n\n\n<figure class=\"wp-block-embed is-type-video is-provider-youtube wp-block-embed-youtube wp-embed-aspect-16-9 wp-has-aspect-ratio\"><div class=\"wp-block-embed__wrapper\">\n<iframe loading=\"lazy\" title=\"Innotrans 2024\" width=\"500\" height=\"281\" src=\"https:\/\/www.youtube.com\/embed\/pRL1fWT0JV8?feature=oembed\" frameborder=\"0\" allow=\"accelerometer; autoplay; clipboard-write; encrypted-media; gyroscope; picture-in-picture; web-share\" referrerpolicy=\"strict-origin-when-cross-origin\" allowfullscreen><\/iframe>\n<\/div><\/figure>\n\n\n\n<div style=\"height:50px\" aria-hidden=\"true\" class=\"wp-block-spacer\"><\/div>","protected":false},"excerpt":{"rendered":"<p>Innotrans \u00e4r v\u00e4rldens st\u00f6rsta m\u00e4ssa f\u00f6r transportteknik och h\u00e5lls vartannat \u00e5r i Berlin. M\u00e4ssan samlar tusentals bes\u00f6kare och utst\u00e4llare fr\u00e5n hela v\u00e4rlden f\u00f6r att visa upp de senaste innovationerna inom j\u00e4rnv\u00e4gsteknik, j\u00e4rnv\u00e4gsinfrastruktur, kollektivtrafik, interi\u00f6rer och tunnelbyggen. Branscht\u00e5g Sedan 2022 arrangerar Swedtrain och Sn\u00e4llt\u00e5get ett gemensamt branscht\u00e5g till Innotrans. H\u00e4r blir t\u00e5gresan en m\u00f6tesplats f\u00f6r samtal [&hellip;]<\/p>","protected":false},"author":1,"featured_media":0,"parent":0,"menu_order":0,"comment_status":"closed","ping_status":"closed","template":"","meta":{"footnotes":""},"class_list":["post-2970001","page","type-page","status-publish","hentry"],"acf":[],"_links":{"self":[{"href":"https:\/\/www.swedtrain.org\/en\/wp-json\/wp\/v2\/pages\/2970001","targetHints":{"allow":["GET"]}}],"collection":[{"href":"https:\/\/www.swedtrain.org\/en\/wp-json\/wp\/v2\/pages"}],"about":[{"href":"https:\/\/www.swedtrain.org\/en\/wp-json\/wp\/v2\/types\/page"}],"author":[{"embeddable":true,"href":"https:\/\/www.swedtrain.org\/en\/wp-json\/wp\/v2\/users\/1"}],"replies":[{"embeddable":true,"href":"https:\/\/www.swedtrain.org\/en\/wp-json\/wp\/v2\/comments?post=2970001"}],"version-history":[{"count":7,"href":"https:\/\/www.swedtrain.org\/en\/wp-json\/wp\/v2\/pages\/2970001\/revisions"}],"predecessor-version":[{"id":2972044,"href":"https:\/\/www.swedtrain.org\/en\/wp-json\/wp\/v2\/pages\/2970001\/revisions\/2972044"}],"wp:attachment":[{"href":"https:\/\/www.swedtrain.org\/en\/wp-json\/wp\/v2\/media?parent=2970001"}],"curies":[{"name":"wp","href":"https:\/\/api.w.org\/{rel}","templated":true}]}}