{"id":2970005,"date":"2025-06-24T14:07:38","date_gmt":"2025-06-24T14:07:38","guid":{"rendered":"https:\/\/www.swedtrain.org\/?page_id=2970005"},"modified":"2026-03-16T16:14:56","modified_gmt":"2026-03-16T16:14:56","slug":"jarnvagsdagen","status":"publish","type":"page","link":"https:\/\/www.swedtrain.org\/en\/jarnvagsdagen\/","title":{"rendered":"Railway Day"},"content":{"rendered":"<section  class=\"tebab-block-hero alignfull\" style=\"--heading-color: #ffffff;\">\n\n    <img loading=\"lazy\" decoding=\"async\" width=\"1920\" height=\"1080\" src=\"https:\/\/www.swedtrain.org\/wp-content\/uploads\/2025\/10\/Publikbild-kopiera-1920x1080.jpg\" class=\"attachment-landscape size-landscape\" alt=\"\" srcset=\"https:\/\/www.swedtrain.org\/wp-content\/uploads\/2025\/10\/Publikbild-kopiera-1920x1080.jpg 1920w, https:\/\/www.swedtrain.org\/wp-content\/uploads\/2025\/10\/Publikbild-kopiera-300x169.jpg 300w, https:\/\/www.swedtrain.org\/wp-content\/uploads\/2025\/10\/Publikbild-kopiera-1024x576.jpg 1024w, https:\/\/www.swedtrain.org\/wp-content\/uploads\/2025\/10\/Publikbild-kopiera-768x432.jpg 768w, https:\/\/www.swedtrain.org\/wp-content\/uploads\/2025\/10\/Publikbild-kopiera-1536x864.jpg 1536w, https:\/\/www.swedtrain.org\/wp-content\/uploads\/2025\/10\/Publikbild-kopiera-2048x1152.jpg 2048w\" sizes=\"auto, (max-width: 1920px) 100vw, 1920px\" \/>\n    <div class=\"contained\">\n                <h1 class=\"tebab-block-hero__heading\">\n            Railway Day        <\/h1>\n\n            <\/div>\n<\/section>\n\n\n<h2 class=\"wp-block-heading\"><br><strong>Vill du vara med och forma framtidens j\u00e4rnv\u00e4g? <\/strong><\/h2>\n\n\n\n<p>D\u00e5 \u00e4r det p\u00e5 J\u00e4rnv\u00e4gsdagen du ska vara. \u00c5rets h\u00f6jdpunkt i industrin, J\u00e4rnv\u00e4gsdagen, \u00e4r en sedan 2013 \u00e5terkommande konferens och m\u00f6tesplats som samlar branschens olika akt\u00f6rer f\u00f6r att diskutera och forma framtidens j\u00e4rnv\u00e4gsl\u00f6sningar. Arrangerad av Swedtrain och T\u00e5gf\u00f6retagen i samarbete med partner och sponsorer, har konferensen vuxit till att attrahera \u00f6ver 250 deltagare.<\/p>\n\n\n\n<h2 class=\"wp-block-heading\"><strong>Save the date f\u00f6r J\u00e4rnv\u00e4gsdagen 2026!<\/strong><\/h2>\n\n\n\n<p>\u00c5rets konferens \u00e4ger rum den 25 november 2026 p\u00e5 Sergels Hub i Stockholm. Vi fyller p\u00e5 med mer information l\u00f6pande, v\u00e4lkommen tillbaka! <\/p>\n\n\n\n<div style=\"height:31px\" aria-hidden=\"true\" class=\"wp-block-spacer\"><\/div>\n\n\n\n<figure class=\"wp-block-embed alignwide is-type-video is-provider-youtube wp-block-embed-youtube wp-embed-aspect-16-9 wp-has-aspect-ratio\"><div class=\"wp-block-embed__wrapper\">\n<iframe loading=\"lazy\" title=\"Ja\u0308rnva\u0308gsdagen\" width=\"500\" height=\"281\" src=\"https:\/\/www.youtube.com\/embed\/BUXc4PKLR14?feature=oembed\" frameborder=\"0\" allow=\"accelerometer; autoplay; clipboard-write; encrypted-media; gyroscope; picture-in-picture; web-share\" referrerpolicy=\"strict-origin-when-cross-origin\" allowfullscreen><\/iframe>\n<\/div><\/figure>\n\n\n\n<div style=\"height:50px\" aria-hidden=\"true\" class=\"wp-block-spacer\"><\/div>\n\n\n\n<section  class=\"tebab-block-text_columns aligncenter\">\n\t<div class=\"contained\">\n\t\t<div class=\"columns\">\n\t\t\t\t\t\t\t<div class=\"column has-image\">\n\t\t\t\t\t \n\t\t\t\t\t\t<div class=\"image\">\n\t\t\t\t\t\t\t<img loading=\"lazy\" decoding=\"async\" width=\"1024\" height=\"682\" src=\"https:\/\/www.swedtrain.org\/wp-content\/uploads\/2025\/12\/HE1_8316-1024x682.jpg\" class=\"attachment-large size-large\" alt=\"\" srcset=\"https:\/\/www.swedtrain.org\/wp-content\/uploads\/2025\/12\/HE1_8316-1024x682.jpg 1024w, https:\/\/www.swedtrain.org\/wp-content\/uploads\/2025\/12\/HE1_8316-300x200.jpg 300w, https:\/\/www.swedtrain.org\/wp-content\/uploads\/2025\/12\/HE1_8316-768x512.jpg 768w, https:\/\/www.swedtrain.org\/wp-content\/uploads\/2025\/12\/HE1_8316-1536x1024.jpg 1536w, https:\/\/www.swedtrain.org\/wp-content\/uploads\/2025\/12\/HE1_8316-18x12.jpg 18w, https:\/\/www.swedtrain.org\/wp-content\/uploads\/2025\/12\/HE1_8316-1620x1080.jpg 1620w, https:\/\/www.swedtrain.org\/wp-content\/uploads\/2025\/12\/HE1_8316.jpg 2000w\" sizes=\"auto, (max-width: 1024px) 100vw, 1024px\" \/>\t\t\t\t\t\t<\/div>\n\t\t\t\t\t\t\t\t\t\t<div class=\"content\">\n\t\t\t\t\t\t<h3 class=\"column-title\">J\u00e4rnv\u00e4gsdagen 2025<\/h3>\n\t\t\t\t\t\t<p class=\"column-text\">Med bostads- och infrastrukturminister Andreas Carlson i spetsen belyste vi teman som  <br \/>\r\n&#8211; F\u00f6rslaget till nationella planen <br \/>\r\n&#8211; Balansen mellan kapacitet och efterfr\u00e5gan i sp\u00e5ren<br \/>\r\n&#8211; St\u00f6d f\u00f6r ERTMS-ombordutrustning<br \/>\r\n&#8211; L\u00e4rdomar fr\u00e5n underh\u00e5llsarbeten<br \/>\r\n&#8211; Gr\u00e4ns\u00f6verskridande godstrafik<br \/>\r\n&#8211; Upphandling av trafik <\/p>\n\t\t\t\t\t\t\t\t\t\t\t\t\t<a href=\"https:\/\/www.swedtrain.org\/en\/jarnvagsdagen-2025-samarbete-och-innovation-i-fokus\/\" class=\"column-link button\">\n\t\t\t\t\t\t\t\tRead more\t\t\t\t\t\t\t<\/a>\n\t\t\t\t\t\t\t\t\t\t\t<\/div>\n\t\t\t\t<\/div>\n\t\t\t\t\t\t\t<div class=\"column has-image\">\n\t\t\t\t\t \n\t\t\t\t\t\t<div class=\"image\">\n\t\t\t\t\t\t\t<img loading=\"lazy\" decoding=\"async\" width=\"600\" height=\"400\" src=\"https:\/\/www.swedtrain.org\/wp-content\/uploads\/2024\/11\/BRG_7432-300x200@2x.jpg\" class=\"attachment-large size-large\" alt=\"\" srcset=\"https:\/\/www.swedtrain.org\/wp-content\/uploads\/2024\/11\/BRG_7432-300x200@2x.jpg 600w, https:\/\/www.swedtrain.org\/wp-content\/uploads\/2024\/11\/BRG_7432-300x200@2x-300x200.jpg 300w\" sizes=\"auto, (max-width: 600px) 100vw, 600px\" \/>\t\t\t\t\t\t<\/div>\n\t\t\t\t\t\t\t\t\t\t<div class=\"content\">\n\t\t\t\t\t\t<h3 class=\"column-title\">J\u00e4rnv\u00e4gsdagen 2024<\/h3>\n\t\t\t\t\t\t<p class=\"column-text\">Under J\u00e4rnv\u00e4gsdagen 2024 diskuterades f\u00f6ljande \u00e4mnen:<br \/>\r\n<br \/>\r\n&#8211; Investeringar i j\u00e4rnv\u00e4gen och dess p\u00e5verkan p\u00e5 ekonomisk tillv\u00e4xt.<br \/>\r\n&#8211; Hur vi kan f\u00f6rb\u00e4ttra underh\u00e5llet.<br \/>\r\n&#8211; Status och utmaningar f\u00f6r det digitala j\u00e4rnv\u00e4gssystemet.<br \/>\r\n&#8211; Hur j\u00e4rnv\u00e4gsbranschen kan hantera kompetensbristen.<\/p>\n\t\t\t\t\t\t\t\t\t\t\t\t\t<a href=\"https:\/\/www.swedtrain.org\/en\/en-framtidsdag-for-jarnvagen\/\" class=\"column-link button\">\n\t\t\t\t\t\t\t\tRead more\t\t\t\t\t\t\t<\/a>\n\t\t\t\t\t\t\t\t\t\t\t<\/div>\n\t\t\t\t<\/div>\n\t\t\t\t\t\t\t<div class=\"column has-image\">\n\t\t\t\t\t \n\t\t\t\t\t\t<div class=\"image\">\n\t\t\t\t\t\t\t<img loading=\"lazy\" decoding=\"async\" width=\"1024\" height=\"683\" src=\"https:\/\/www.swedtrain.org\/wp-content\/uploads\/2025\/06\/Jarnvagsdagen_2023-160-1024x683.jpg\" class=\"attachment-large size-large\" alt=\"\" srcset=\"https:\/\/www.swedtrain.org\/wp-content\/uploads\/2025\/06\/Jarnvagsdagen_2023-160-1024x683.jpg 1024w, https:\/\/www.swedtrain.org\/wp-content\/uploads\/2025\/06\/Jarnvagsdagen_2023-160-300x200.jpg 300w, https:\/\/www.swedtrain.org\/wp-content\/uploads\/2025\/06\/Jarnvagsdagen_2023-160-768x512.jpg 768w, https:\/\/www.swedtrain.org\/wp-content\/uploads\/2025\/06\/Jarnvagsdagen_2023-160-1536x1024.jpg 1536w, https:\/\/www.swedtrain.org\/wp-content\/uploads\/2025\/06\/Jarnvagsdagen_2023-160-2048x1365.jpg 2048w, https:\/\/www.swedtrain.org\/wp-content\/uploads\/2025\/06\/Jarnvagsdagen_2023-160-1620x1080.jpg 1620w\" sizes=\"auto, (max-width: 1024px) 100vw, 1024px\" \/>\t\t\t\t\t\t<\/div>\n\t\t\t\t\t\t\t\t\t\t<div class=\"content\">\n\t\t\t\t\t\t<h3 class=\"column-title\">J\u00e4rnv\u00e4gsdagen 2023<\/h3>\n\t\t\t\t\t\t<p class=\"column-text\">Under J\u00e4rnv\u00e4gsdagen 2023 fokuserades det p\u00e5 finansiella m\u00f6jligheter och investeringsstrategier f\u00f6r framtidens j\u00e4rnv\u00e4g. P\u00e5 scen deltog bland andra Roberto Maiorana, generaldirekt\u00f6r Trafikverket, Annika Winsth, chefekonom Nordea och partiernas trafikpolitiska talespersoner.<\/p>\n\t\t\t\t\t\t\t\t\t\t\t\t\t<a href=\"https:\/\/www.swedtrain.org\/en\/alternativ-finansiering-for-jarnvagen\/\" class=\"column-link button\">\n\t\t\t\t\t\t\t\tRead more\t\t\t\t\t\t\t<\/a>\n\t\t\t\t\t\t\t\t\t\t\t<\/div>\n\t\t\t\t<\/div>\n\t\t\t\t\t<\/div>\n\t<\/div>\n<\/section>\n\n\n<div style=\"height:50px\" aria-hidden=\"true\" class=\"wp-block-spacer\"><\/div>\n\n\n\n<div style=\"height:50px\" aria-hidden=\"true\" class=\"wp-block-spacer\"><\/div>","protected":false},"excerpt":{"rendered":"<p>Vill du vara med och forma framtidens j\u00e4rnv\u00e4g? D\u00e5 \u00e4r det p\u00e5 J\u00e4rnv\u00e4gsdagen du ska vara. \u00c5rets h\u00f6jdpunkt i industrin, J\u00e4rnv\u00e4gsdagen, \u00e4r en sedan 2013 \u00e5terkommande konferens och m\u00f6tesplats som samlar branschens olika akt\u00f6rer f\u00f6r att diskutera och forma framtidens j\u00e4rnv\u00e4gsl\u00f6sningar. Arrangerad av Swedtrain och T\u00e5gf\u00f6retagen i samarbete med partner och sponsorer, har konferensen vuxit [&hellip;]<\/p>","protected":false},"author":1,"featured_media":0,"parent":0,"menu_order":0,"comment_status":"closed","ping_status":"closed","template":"","meta":{"footnotes":""},"class_list":["post-2970005","page","type-page","status-publish","hentry"],"acf":[],"_links":{"self":[{"href":"https:\/\/www.swedtrain.org\/en\/wp-json\/wp\/v2\/pages\/2970005","targetHints":{"allow":["GET"]}}],"collection":[{"href":"https:\/\/www.swedtrain.org\/en\/wp-json\/wp\/v2\/pages"}],"about":[{"href":"https:\/\/www.swedtrain.org\/en\/wp-json\/wp\/v2\/types\/page"}],"author":[{"embeddable":true,"href":"https:\/\/www.swedtrain.org\/en\/wp-json\/wp\/v2\/users\/1"}],"replies":[{"embeddable":true,"href":"https:\/\/www.swedtrain.org\/en\/wp-json\/wp\/v2\/comments?post=2970005"}],"version-history":[{"count":16,"href":"https:\/\/www.swedtrain.org\/en\/wp-json\/wp\/v2\/pages\/2970005\/revisions"}],"predecessor-version":[{"id":2972056,"href":"https:\/\/www.swedtrain.org\/en\/wp-json\/wp\/v2\/pages\/2970005\/revisions\/2972056"}],"wp:attachment":[{"href":"https:\/\/www.swedtrain.org\/en\/wp-json\/wp\/v2\/media?parent=2970005"}],"curies":[{"name":"wp","href":"https:\/\/api.w.org\/{rel}","templated":true}]}}