{"id":2970014,"date":"2025-06-24T14:15:26","date_gmt":"2025-06-24T14:15:26","guid":{"rendered":"https:\/\/www.swedtrain.org\/?page_id=2970014"},"modified":"2026-03-24T09:19:37","modified_gmt":"2026-03-24T09:19:37","slug":"train-rail","status":"publish","type":"page","link":"https:\/\/www.swedtrain.org\/en\/train-rail\/","title":{"rendered":"Train &amp; Rail"},"content":{"rendered":"<section  class=\"tebab-block-hero alignfull\" style=\"--heading-color: #ffffff;\">\n\n    <img loading=\"lazy\" decoding=\"async\" width=\"1620\" height=\"1080\" src=\"https:\/\/www.swedtrain.org\/wp-content\/uploads\/2025\/10\/Massbild-4-kalla-TR-kopiera-1620x1080.jpg\" class=\"attachment-landscape size-landscape\" alt=\"\" srcset=\"https:\/\/www.swedtrain.org\/wp-content\/uploads\/2025\/10\/Massbild-4-kalla-TR-kopiera-1620x1080.jpg 1620w, https:\/\/www.swedtrain.org\/wp-content\/uploads\/2025\/10\/Massbild-4-kalla-TR-kopiera-300x200.jpg 300w, https:\/\/www.swedtrain.org\/wp-content\/uploads\/2025\/10\/Massbild-4-kalla-TR-kopiera-1024x683.jpg 1024w, https:\/\/www.swedtrain.org\/wp-content\/uploads\/2025\/10\/Massbild-4-kalla-TR-kopiera-768x512.jpg 768w, https:\/\/www.swedtrain.org\/wp-content\/uploads\/2025\/10\/Massbild-4-kalla-TR-kopiera-1536x1024.jpg 1536w, https:\/\/www.swedtrain.org\/wp-content\/uploads\/2025\/10\/Massbild-4-kalla-TR-kopiera-2048x1365.jpg 2048w\" sizes=\"auto, (max-width: 1620px) 100vw, 1620px\" \/>\n    <div class=\"contained\">\n                <h1 class=\"tebab-block-hero__heading\">\n            Train &amp; Rail        <\/h1>\n\n            <\/div>\n<\/section>\n\n\n<div style=\"height:30px\" aria-hidden=\"true\" class=\"wp-block-spacer\"><\/div>\n\n\n\n<h3 class=\"wp-block-heading has-medium-font-size\">Train &amp; Rail  \u2013 ett internationellt genombrott f\u00f6r j\u00e4rnv\u00e4gsbranschen<\/h3>\n\n\n\n<p>Train &amp; Rail, som arrangeras av Stockholmsm\u00e4ssan och Swedtrain, genomf\u00f6rdes 2025 f\u00f6r andra g\u00e5ngen p\u00e5 Stockholmsm\u00e4ssan. M\u00e4ssan blev en tydlig bekr\u00e4ftelse p\u00e5 j\u00e4rnv\u00e4gsbranschens v\u00e4xande styrka och innovationskraft. Med en \u00f6kning av utst\u00e4llare med 15 procent och en bes\u00f6kar\u00f6kning med 10 procent j\u00e4mf\u00f6rt med 2023, st\u00e4rker m\u00e4ssan sin position som Nordens viktigaste m\u00f6tesplats f\u00f6r t\u00e5g- och j\u00e4rnv\u00e4gsbranschen.<\/p>\n\n\n\n<p>Bland utst\u00e4llarna \u00e5terfanns de flesta stora och sm\u00e5 akt\u00f6rerna i branschen \u2013 fr\u00e5n tillverkare av t\u00e5g eller arbetsmaskiner till underh\u00e5llsverkst\u00e4der och IT-f\u00f6retag.<\/p>\n\n\n\n<p>Train &amp; Rail 2025 lockade bes\u00f6kare fr\u00e5n 27 l\u00e4nder (j\u00e4mf\u00f6rt med 25 l\u00e4nder 2023) och utst\u00e4llare fr\u00e5n 17 l\u00e4nder (mot 12 l\u00e4nder 2023), vilket tydligt visar det internationella genomslaget.<\/p>\n\n\n\n<p>\u00c4ven seminarieprogrammet drog stor publik, b\u00e5de p\u00e5 plats och digitalt. Totalt lyssnade \u00f6ver 3\u202f200 personer p\u00e5 de 69 programpunkter som genomf\u00f6rdes under m\u00e4ssans tre dagar. Alla seminariepunkter sammanfattades i realtid och finns nu tillg\u00e4ngliga p\u00e5:&nbsp;<a href=\"https:\/\/summary.voxoevent.ai\/TRAINANDRAIL2025\/\">Program<\/a><\/p>\n\n\n\n<p><strong>Planeringen f\u00f6r n\u00e4sta Train &amp; Rail, 27-29 april 2027, \u00e4r redan i g\u00e5ng<\/strong> \u2013 med m\u00e5let att forts\u00e4tta utveckla m\u00e4ssan som en plattform f\u00f6r innovation, samverkan och h\u00e5llbar omst\u00e4llning inom j\u00e4rnv\u00e4g och transport.<\/p>\n\n\n\n<div style=\"height:0px\" aria-hidden=\"true\" class=\"wp-block-spacer\"><\/div>\n\n\n\n<div style=\"height:50px\" aria-hidden=\"true\" class=\"wp-block-spacer\"><\/div>\n\n\n<section  class=\"tebab-block-split_screen aligncenter image_alignment-left\">\n    <div class=\"contained\">\n        <div class=\"tebab-block-split_screen__image-wrapper\">\n            <img loading=\"lazy\" decoding=\"async\" width=\"1920\" height=\"1080\" src=\"https:\/\/www.swedtrain.org\/wp-content\/uploads\/2025\/06\/TrainRail_header-1920x1080.jpg\" class=\"attachment-landscape size-landscape\" alt=\"\" srcset=\"https:\/\/www.swedtrain.org\/wp-content\/uploads\/2025\/06\/TrainRail_header-1920x1080.jpg 1920w, https:\/\/www.swedtrain.org\/wp-content\/uploads\/2025\/06\/TrainRail_header-300x169.jpg 300w, https:\/\/www.swedtrain.org\/wp-content\/uploads\/2025\/06\/TrainRail_header-1024x576.jpg 1024w, https:\/\/www.swedtrain.org\/wp-content\/uploads\/2025\/06\/TrainRail_header-768x432.jpg 768w, https:\/\/www.swedtrain.org\/wp-content\/uploads\/2025\/06\/TrainRail_header-1536x864.jpg 1536w, https:\/\/www.swedtrain.org\/wp-content\/uploads\/2025\/06\/TrainRail_header-2048x1152.jpg 2048w\" sizes=\"auto, (max-width: 1920px) 100vw, 1920px\" \/>        <\/div>\n\n        <div class=\"tebab-block-split_screen__content-wrapper\">\n            <h2 class=\"p1\">Om Train &amp; Rail<\/h2>\n<p class=\"p1\">Train &amp; Rail \u00e4r Nordens st\u00f6rsta m\u00e4ssa f\u00f6r h\u00e5llbara j\u00e4rnv\u00e4gstransporter och en m\u00f6tesplats skapad av branschen \u2013 f\u00f6r branschen.<\/p>\n<p class=\"p1\">M\u00e4ssan arrangeras av Stockholmsm\u00e4ssan och Swedtrain samt 2025 i samarbete med J\u00e4rnv\u00e4gsentrepren\u00f6rerna, T\u00e5gf\u00f6retagen, Sp\u00e5rvagnsst\u00e4derna, Svensk Kollektivtrafik, NJS \u2013 Forum f\u00f6r Nordiskt J\u00e4rnv\u00e4gssamarbete, NRSA och NI \u2013 Nordisk Infracenter.<\/p>\n\n                            <div class=\"tebab-block-split_screen__buttons\">\n                                            <a href=\"http:\/\/www.trainrail.se\/\" class=\"button primary\" target=\"1\" rel=\"noreferrer\">L\u00e4s mer om Train &#038; Rail<\/a>\n                                    <\/div>\n            \n        <\/div>\n    <\/div>\n<\/section>\n\n\n<div style=\"height:50px\" aria-hidden=\"true\" class=\"wp-block-spacer\"><\/div>\n\n\n\n<figure class=\"wp-block-embed is-type-video is-provider-youtube wp-block-embed-youtube wp-embed-aspect-16-9 wp-has-aspect-ratio\"><div class=\"wp-block-embed__wrapper\">\n<iframe loading=\"lazy\" title=\"Train &amp; Rail \u2013 tack f\u00f6r i \u00e5r 2023\" width=\"500\" height=\"281\" src=\"https:\/\/www.youtube.com\/embed\/TPs3SVl0vyY?feature=oembed\" frameborder=\"0\" allow=\"accelerometer; autoplay; clipboard-write; encrypted-media; gyroscope; picture-in-picture; web-share\" referrerpolicy=\"strict-origin-when-cross-origin\" allowfullscreen><\/iframe>\n<\/div><\/figure>\n\n\n\n<div style=\"height:100px\" aria-hidden=\"true\" class=\"wp-block-spacer\"><\/div>","protected":false},"excerpt":{"rendered":"<p>Train &amp; Rail \u2013 ett internationellt genombrott f\u00f6r j\u00e4rnv\u00e4gsbranschen Train &amp; Rail, som arrangeras av Stockholmsm\u00e4ssan och Swedtrain, genomf\u00f6rdes 2025 f\u00f6r andra g\u00e5ngen p\u00e5 Stockholmsm\u00e4ssan. M\u00e4ssan blev en tydlig bekr\u00e4ftelse p\u00e5 j\u00e4rnv\u00e4gsbranschens v\u00e4xande styrka och innovationskraft. Med en \u00f6kning av utst\u00e4llare med 15 procent och en bes\u00f6kar\u00f6kning med 10 procent j\u00e4mf\u00f6rt med 2023, st\u00e4rker m\u00e4ssan [&hellip;]<\/p>","protected":false},"author":1,"featured_media":0,"parent":0,"menu_order":0,"comment_status":"closed","ping_status":"closed","template":"","meta":{"footnotes":""},"class_list":["post-2970014","page","type-page","status-publish","hentry"],"acf":[],"_links":{"self":[{"href":"https:\/\/www.swedtrain.org\/en\/wp-json\/wp\/v2\/pages\/2970014","targetHints":{"allow":["GET"]}}],"collection":[{"href":"https:\/\/www.swedtrain.org\/en\/wp-json\/wp\/v2\/pages"}],"about":[{"href":"https:\/\/www.swedtrain.org\/en\/wp-json\/wp\/v2\/types\/page"}],"author":[{"embeddable":true,"href":"https:\/\/www.swedtrain.org\/en\/wp-json\/wp\/v2\/users\/1"}],"replies":[{"embeddable":true,"href":"https:\/\/www.swedtrain.org\/en\/wp-json\/wp\/v2\/comments?post=2970014"}],"version-history":[{"count":14,"href":"https:\/\/www.swedtrain.org\/en\/wp-json\/wp\/v2\/pages\/2970014\/revisions"}],"predecessor-version":[{"id":2972071,"href":"https:\/\/www.swedtrain.org\/en\/wp-json\/wp\/v2\/pages\/2970014\/revisions\/2972071"}],"wp:attachment":[{"href":"https:\/\/www.swedtrain.org\/en\/wp-json\/wp\/v2\/media?parent=2970014"}],"curies":[{"name":"wp","href":"https:\/\/api.w.org\/{rel}","templated":true}]}}