{"id":2970035,"date":"2025-06-26T16:22:58","date_gmt":"2025-06-26T16:22:58","guid":{"rendered":"https:\/\/www.swedtrain.org\/?page_id=2970035"},"modified":"2026-01-15T09:20:30","modified_gmt":"2026-01-15T09:20:30","slug":"stadgar-policys","status":"publish","type":"page","link":"https:\/\/www.swedtrain.org\/en\/stadgar-policys\/","title":{"rendered":"Statutes &amp; Policies"},"content":{"rendered":"<section  class=\"tebab-block-hero alignfull\" style=\"--heading-color: #ffffff;\">\n\n    <img loading=\"lazy\" decoding=\"async\" width=\"1620\" height=\"1080\" src=\"https:\/\/www.swedtrain.org\/wp-content\/uploads\/2025\/06\/christin-hume-505826-unsplash-1620x1080.jpg\" class=\"attachment-landscape size-landscape\" alt=\"\" srcset=\"https:\/\/www.swedtrain.org\/wp-content\/uploads\/2025\/06\/christin-hume-505826-unsplash-1620x1080.jpg 1620w, https:\/\/www.swedtrain.org\/wp-content\/uploads\/2025\/06\/christin-hume-505826-unsplash-300x200.jpg 300w, https:\/\/www.swedtrain.org\/wp-content\/uploads\/2025\/06\/christin-hume-505826-unsplash-1024x683.jpg 1024w, https:\/\/www.swedtrain.org\/wp-content\/uploads\/2025\/06\/christin-hume-505826-unsplash-768x512.jpg 768w, https:\/\/www.swedtrain.org\/wp-content\/uploads\/2025\/06\/christin-hume-505826-unsplash-1536x1024.jpg 1536w, https:\/\/www.swedtrain.org\/wp-content\/uploads\/2025\/06\/christin-hume-505826-unsplash-2048x1365.jpg 2048w\" sizes=\"auto, (max-width: 1620px) 100vw, 1620px\" \/>\n    <div class=\"contained\">\n                <h1 class=\"tebab-block-hero__heading\">\n            Statutes &amp; Policies        <\/h1>\n\n            <\/div>\n<\/section>\n\n\n<div style=\"height:30px\" aria-hidden=\"true\" class=\"wp-block-spacer\"><\/div>\n\n\n\n<p><strong>Swedtrain&#039;s operations are primarily governed by our statutes. We also have a code of conduct and a personal data policy.<\/strong><\/p>\n\n\n\n<h3 class=\"wp-block-heading has-large-font-size\">Statutes<\/h3>\n\n\n\n<p>Amendments to these statutes require a resolution at two consecutive annual meetings at least three months apart. The statutes were last amended on November 8, 2022.<\/p>\n\n\n\n<p><a href=\"https:\/\/www.swedtrain.org\/en\/dokument\/swedtrain-stadgar\/\" data-type=\"link\" data-id=\"https:\/\/www.swedtrain.org\/dokument\/swedtrain-stadgar\/\">H\u00e4r kan du ladda ner Swedtrains\u00a0stadgar.<\/a><\/p>\n\n\n\n<h3 class=\"wp-block-heading has-large-font-size\">Code of Conduct<\/h3>\n\n\n\n<p>Swedtrain has its office at the Swedish Association of Technology Companies. All activities within the association must be carried out in accordance with the code of conduct shared with all organizations within the Swedish Association of Technology Companies. The code of conduct is intended to ensure good order in the association&#039;s operations and compliance with competition legislation.<\/p>\n\n\n\n<p>The code of conduct that applies to Swedtrain is available&nbsp;<a href=\"https:\/\/www.swedtrain.org\/en\/dokument\/uppforandekod\/\" data-type=\"link\" data-id=\"https:\/\/www.swedtrain.org\/dokument\/uppforandekod\/\">here<\/a>.<\/p>\n\n\n\n<h3 class=\"wp-block-heading has-large-font-size\">Personuppgiftspolicy<\/h3>\n\n\n\n<p>Swedtrain v\u00e4rnar om din personliga integritet och efterstr\u00e4var alltid en h\u00f6g niv\u00e5 av dataskydd. I v\u00e5r personuppgiftspolicy f\u00f6rklaras hur vi samlar in och anv\u00e4nder din personliga information. Den beskriver ocks\u00e5 vilka r\u00e4ttigheter du har och hur du kan anv\u00e4nda dem.<\/p>\n\n\n\n<p>Personuppgiftspolicyn finns tillg\u00e4nglig&nbsp;<a href=\"https:\/\/www.swedtrain.org\/en\/dokument\/personuppgiftspolicy\/\" data-type=\"link\" data-id=\"https:\/\/www.swedtrain.org\/dokument\/personuppgiftspolicy\/\">here<\/a>.<\/p>\n\n\n\n<div style=\"height:100px\" aria-hidden=\"true\" class=\"wp-block-spacer\"><\/div>","protected":false},"excerpt":{"rendered":"<p>Swedtrains verksamhet styrs fr\u00e4mst av v\u00e5ra stadgar. Vi har ocks\u00e5 en uppf\u00f6randekod och en personuppgiftspolicy. Stadgar F\u00f6r \u00e4ndring av dessa stadgar erfordras beslut i tv\u00e5 p\u00e5 varandra f\u00f6ljande \u00e5rsm\u00f6ten med minst tre m\u00e5naders mellanrum. Stadgarna \u00e4ndrades senast den 8 november 2022. H\u00e4r kan du ladda ner Swedtrains\u00a0stadgar. Uppf\u00f6randekod Swedtrain har sitt kansli hos Teknikf\u00f6retagens Branschgrupper. [&hellip;]<\/p>","protected":false},"author":1,"featured_media":0,"parent":0,"menu_order":0,"comment_status":"closed","ping_status":"closed","template":"","meta":{"footnotes":""},"class_list":["post-2970035","page","type-page","status-publish","hentry"],"acf":[],"_links":{"self":[{"href":"https:\/\/www.swedtrain.org\/en\/wp-json\/wp\/v2\/pages\/2970035","targetHints":{"allow":["GET"]}}],"collection":[{"href":"https:\/\/www.swedtrain.org\/en\/wp-json\/wp\/v2\/pages"}],"about":[{"href":"https:\/\/www.swedtrain.org\/en\/wp-json\/wp\/v2\/types\/page"}],"author":[{"embeddable":true,"href":"https:\/\/www.swedtrain.org\/en\/wp-json\/wp\/v2\/users\/1"}],"replies":[{"embeddable":true,"href":"https:\/\/www.swedtrain.org\/en\/wp-json\/wp\/v2\/comments?post=2970035"}],"version-history":[{"count":14,"href":"https:\/\/www.swedtrain.org\/en\/wp-json\/wp\/v2\/pages\/2970035\/revisions"}],"predecessor-version":[{"id":2971747,"href":"https:\/\/www.swedtrain.org\/en\/wp-json\/wp\/v2\/pages\/2970035\/revisions\/2971747"}],"wp:attachment":[{"href":"https:\/\/www.swedtrain.org\/en\/wp-json\/wp\/v2\/media?parent=2970035"}],"curies":[{"name":"wp","href":"https:\/\/api.w.org\/{rel}","templated":true}]}}