{"id":2970059,"date":"2025-06-26T18:49:55","date_gmt":"2025-06-26T18:49:55","guid":{"rendered":"https:\/\/www.swedtrain.org\/?page_id=2970059"},"modified":"2025-10-28T11:10:56","modified_gmt":"2025-10-28T11:10:56","slug":"swedtrain-techfuture","status":"publish","type":"page","link":"https:\/\/www.swedtrain.org\/en\/swedtrain-techfuture\/","title":{"rendered":"Swedtrain Tech&amp;Future"},"content":{"rendered":"<section  class=\"tebab-block-hero alignfull\" style=\"--heading-color: #ffffff;\">\n\n    <img loading=\"lazy\" decoding=\"async\" width=\"1621\" height=\"1080\" src=\"https:\/\/www.swedtrain.org\/wp-content\/uploads\/2025\/06\/Swedtrain-TechFuture_200dpi-1621x1080.jpg\" class=\"attachment-landscape size-landscape\" alt=\"\" srcset=\"https:\/\/www.swedtrain.org\/wp-content\/uploads\/2025\/06\/Swedtrain-TechFuture_200dpi-1621x1080.jpg 1621w, https:\/\/www.swedtrain.org\/wp-content\/uploads\/2025\/06\/Swedtrain-TechFuture_200dpi-300x200.jpg 300w, https:\/\/www.swedtrain.org\/wp-content\/uploads\/2025\/06\/Swedtrain-TechFuture_200dpi-1024x682.jpg 1024w, https:\/\/www.swedtrain.org\/wp-content\/uploads\/2025\/06\/Swedtrain-TechFuture_200dpi-768x512.jpg 768w, https:\/\/www.swedtrain.org\/wp-content\/uploads\/2025\/06\/Swedtrain-TechFuture_200dpi-1536x1023.jpg 1536w, https:\/\/www.swedtrain.org\/wp-content\/uploads\/2025\/06\/Swedtrain-TechFuture_200dpi.jpg 1633w\" sizes=\"auto, (max-width: 1621px) 100vw, 1621px\" \/>\n    <div class=\"contained\">\n                <h1 class=\"tebab-block-hero__heading\">\n            Swedtrain Tech&amp;Future        <\/h1>\n\n            <\/div>\n<\/section>\n\n\n<p>Do you want to stay at the forefront of technical innovations and future issues in the railway industry - and at the same time be inspired by other industries? Then Swedtrain Tech&amp;Future is for you! Since its inception in 2021, this exclusive webinar series has offered lectures from both our members, such as Siemens and Lule\u00e5 University of Technology, and external experts from SJ, IBM and others.<\/p>\n\n\n\n<h2 class=\"wp-block-heading\">Who can participate?<\/h2>\n\n\n\n<p>Swedtrain&#039;s Tech&amp;Future webinars are open to our members as well as representatives from the research community, politics and authorities. Are you an industry player but not yet a member? Other industry players are warmly welcome to participate once - after that we offer membership for continued access.<\/p>\n\n\n\n<h2 class=\"wp-block-heading\">Do you want to contribute?<\/h2>\n\n\n\n<p>Do you have any suggestions for topics or would you like to give a presentation? Please contact us at&nbsp;<a href=\"mailto:kansliet@www.swedtrain.org\">kansliet@www.swedtrain.org<\/a>.<\/p>\n\n\n\n<h2 class=\"wp-block-heading\">See what&#039;s going on<\/h2>\n\n\n\n<p>Check out our&nbsp;<a href=\"https:\/\/www.swedtrain.org\/en\/kalender\/\" data-type=\"link\" data-id=\"https:\/\/www.swedtrain.org\/kalender\/\">calendar<\/a>&nbsp;for upcoming webinars and don&#039;t miss the chance to be part of the railway discussions of the future!<\/p>\n\n\n\n<div style=\"height:100px\" aria-hidden=\"true\" class=\"wp-block-spacer\"><\/div>","protected":false},"excerpt":{"rendered":"<p>Vill du h\u00e5lla dig i framkant av tekniska innovationer och framtidsfr\u00e5gor inom j\u00e4rnv\u00e4gsindustrin \u2013 och samtidigt inspireras av andra branscher? D\u00e5 \u00e4r Swedtrain Tech&amp;Future n\u00e5got f\u00f6r dig! Denna exklusiva webbinarieserie har sedan starten 2021 bjudit p\u00e5 f\u00f6rel\u00e4sningar fr\u00e5n b\u00e5de v\u00e5ra medlemmar, som Siemens och Lule\u00e5 Tekniska Universitet, och externa experter fr\u00e5n SJ, IBM med flera. [&hellip;]<\/p>","protected":false},"author":1,"featured_media":0,"parent":0,"menu_order":0,"comment_status":"closed","ping_status":"closed","template":"","meta":{"footnotes":""},"class_list":["post-2970059","page","type-page","status-publish","hentry"],"acf":[],"_links":{"self":[{"href":"https:\/\/www.swedtrain.org\/en\/wp-json\/wp\/v2\/pages\/2970059","targetHints":{"allow":["GET"]}}],"collection":[{"href":"https:\/\/www.swedtrain.org\/en\/wp-json\/wp\/v2\/pages"}],"about":[{"href":"https:\/\/www.swedtrain.org\/en\/wp-json\/wp\/v2\/types\/page"}],"author":[{"embeddable":true,"href":"https:\/\/www.swedtrain.org\/en\/wp-json\/wp\/v2\/users\/1"}],"replies":[{"embeddable":true,"href":"https:\/\/www.swedtrain.org\/en\/wp-json\/wp\/v2\/comments?post=2970059"}],"version-history":[{"count":5,"href":"https:\/\/www.swedtrain.org\/en\/wp-json\/wp\/v2\/pages\/2970059\/revisions"}],"predecessor-version":[{"id":2971339,"href":"https:\/\/www.swedtrain.org\/en\/wp-json\/wp\/v2\/pages\/2970059\/revisions\/2971339"}],"wp:attachment":[{"href":"https:\/\/www.swedtrain.org\/en\/wp-json\/wp\/v2\/media?parent=2970059"}],"curies":[{"name":"wp","href":"https:\/\/api.w.org\/{rel}","templated":true}]}}