{"id":2970068,"date":"2025-06-26T18:57:39","date_gmt":"2025-06-26T18:57:39","guid":{"rendered":"https:\/\/www.swedtrain.org\/?page_id=2970068"},"modified":"2026-01-22T17:38:02","modified_gmt":"2026-01-22T17:38:02","slug":"swedtrain-internship-program","status":"publish","type":"page","link":"https:\/\/www.swedtrain.org\/en\/swedtrain-internship-program\/","title":{"rendered":"Swedtrain Internship Program"},"content":{"rendered":"<section  class=\"tebab-block-hero alignfull\" style=\"--heading-color: #ffffff;\">\n\n    <img loading=\"lazy\" decoding=\"async\" width=\"1920\" height=\"720\" src=\"https:\/\/www.swedtrain.org\/wp-content\/uploads\/2025\/10\/Swedtrain-Internship-Program_tidigare-kopiera-.jpg\" class=\"attachment-landscape size-landscape\" alt=\"\" srcset=\"https:\/\/www.swedtrain.org\/wp-content\/uploads\/2025\/10\/Swedtrain-Internship-Program_tidigare-kopiera-.jpg 1920w, https:\/\/www.swedtrain.org\/wp-content\/uploads\/2025\/10\/Swedtrain-Internship-Program_tidigare-kopiera--300x113.jpg 300w, https:\/\/www.swedtrain.org\/wp-content\/uploads\/2025\/10\/Swedtrain-Internship-Program_tidigare-kopiera--1024x384.jpg 1024w, https:\/\/www.swedtrain.org\/wp-content\/uploads\/2025\/10\/Swedtrain-Internship-Program_tidigare-kopiera--768x288.jpg 768w, https:\/\/www.swedtrain.org\/wp-content\/uploads\/2025\/10\/Swedtrain-Internship-Program_tidigare-kopiera--1536x576.jpg 1536w\" sizes=\"auto, (max-width: 1920px) 100vw, 1920px\" \/>\n    <div class=\"contained\">\n                <h1 class=\"tebab-block-hero__heading\">\n            Swedtrain Internship Program        <\/h1>\n\n            <\/div>\n<\/section>\n\n\n<div style=\"height:30px\" aria-hidden=\"true\" class=\"wp-block-spacer\"><\/div>\n\n\n\n<p>Every summer, Swedtrain offers a group of students to work together at our member companies in a paid internship. The aim is to bring together tomorrow&#039;s workers and Swedtrain&#039;s member companies.<\/p>\n\n\n\n<p>The program usually takes place for six weeks during the summer, of which three to four weeks are in June and two to three weeks are in August. The program takes a break during the month of July.<\/p>\n\n\n\n<div style=\"height:14px\" aria-hidden=\"true\" class=\"wp-block-spacer\"><\/div>\n\n\n\n<h3 class=\"wp-block-heading has-medium-font-size\">Benefits for you as a student<\/h3>\n\n\n\n<p>The program involves both manufacturers, consulting and maintenance companies, which provides a unique insight into several different parts of the railway industry. The students get to work on various train-related projects, for example participating in troubleshooting in the maintenance depot, conducting analyses, testing the consultant role, compiling report documents and contributing with suggestions for efficiency. A joint project assignment is also included, for example investigating how to increase the attractiveness of the railway for passengers.<\/p>\n\n\n\n<p><strong>Are you a student and want to know more about our internship?<br><\/strong>The program is aimed at students at Swedish universities and colleges. You do not need to study any railway-related program.<\/p>\n\n\n\n<hr class=\"wp-block-separator has-alpha-channel-opacity\"\/>\n\n\n\n<p>>> <strong><em>Ans\u00f6kan f\u00f6r 2026 \u00e4r nu st\u00e4ngd. Vill du f\u00e5 information inf\u00f6r 2027? Maila till <a href=\"mailto:kansliet@swedtrain.org\" target=\"_blank\" rel=\"noreferrer noopener\">kansliet@swedtrain.org<\/a>!<\/em><\/strong> &lt;&lt;<\/p>\n\n\n\n<hr class=\"wp-block-separator has-alpha-channel-opacity\"\/>\n\n\n\n<div style=\"height:20px\" aria-hidden=\"true\" class=\"wp-block-spacer\"><\/div>\n\n\n\n<h3 class=\"wp-block-heading has-medium-font-size\">Benefits for you as a member company<\/h3>\n\n\n\n<p><strong>The internship program is a unique opportunity to, among other things:<br>\u2022&nbsp;<\/strong>meet students who are about to enter the workforce. Maybe you&#039;ll find your next colleague among them?<\/p>\n\n\n\n<p><strong>\u2022&nbsp;<\/strong>Get input from young students on issues you want new perspectives on.<\/p>\n\n\n\n<p><strong>\u2022&nbsp;<\/strong>Make valuable contacts with other companies participating in the program and create opportunities for future collaborations.<\/p>\n\n\n\n<p><strong>\u2022&nbsp;<\/strong>be made visible as a company that contributes to the development of the industry.<\/p>\n\n\n\n<p>Every autumn we receive expressions of interest from member companies for the following summer. Please let us know if you wish to participate and provide a contact person by sending an email to&nbsp;<a href=\"mailto:kansliet@www.swedtrain.org\">kansliet@www.swedtrain.org<\/a>.<\/p>\n\n\n\n<p><em><strong>Note!<\/strong>&nbsp;Only member companies in Swedtrain have the opportunity to participate in the Swedtrain Internship Program.<\/em><\/p>\n\n\n\n<div style=\"height:22px\" aria-hidden=\"true\" class=\"wp-block-spacer\"><\/div>\n\n\n\n<figure class=\"wp-block-embed is-type-video is-provider-youtube wp-block-embed-youtube wp-embed-aspect-16-9 wp-has-aspect-ratio\"><div class=\"wp-block-embed__wrapper\">\n<iframe loading=\"lazy\" title=\"Swedtrain Internship Program 2023\" width=\"500\" height=\"281\" src=\"https:\/\/www.youtube.com\/embed\/UYFmE7fug14?feature=oembed\" frameborder=\"0\" allow=\"accelerometer; autoplay; clipboard-write; encrypted-media; gyroscope; picture-in-picture; web-share\" referrerpolicy=\"strict-origin-when-cross-origin\" allowfullscreen><\/iframe>\n<\/div><\/figure>\n\n\n\n<div style=\"height:100px\" aria-hidden=\"true\" class=\"wp-block-spacer\"><\/div>\n\n\n\n<div style=\"height:0px\" aria-hidden=\"true\" class=\"wp-block-spacer\"><\/div>","protected":false},"excerpt":{"rendered":"<p>Varje sommar erbjuder Swedtrain en grupp studenter att tillsammans arbeta p\u00e5 v\u00e5ra medlemsf\u00f6retag i ett betalt internship. Syftet \u00e4r att f\u00f6ra samman morgondagens arbetstagare och Swedtrains medlemsf\u00f6retag. Programmet brukar \u00e4ga rum sex veckor under sommaren, varav tre till fyra veckor i juni och tv\u00e5 till tre veckor i augusti. Under julim\u00e5naden pausar programmet. F\u00f6rdelar f\u00f6r [&hellip;]<\/p>","protected":false},"author":1,"featured_media":0,"parent":0,"menu_order":0,"comment_status":"closed","ping_status":"closed","template":"","meta":{"footnotes":""},"class_list":["post-2970068","page","type-page","status-publish","hentry"],"acf":[],"_links":{"self":[{"href":"https:\/\/www.swedtrain.org\/en\/wp-json\/wp\/v2\/pages\/2970068","targetHints":{"allow":["GET"]}}],"collection":[{"href":"https:\/\/www.swedtrain.org\/en\/wp-json\/wp\/v2\/pages"}],"about":[{"href":"https:\/\/www.swedtrain.org\/en\/wp-json\/wp\/v2\/types\/page"}],"author":[{"embeddable":true,"href":"https:\/\/www.swedtrain.org\/en\/wp-json\/wp\/v2\/users\/1"}],"replies":[{"embeddable":true,"href":"https:\/\/www.swedtrain.org\/en\/wp-json\/wp\/v2\/comments?post=2970068"}],"version-history":[{"count":10,"href":"https:\/\/www.swedtrain.org\/en\/wp-json\/wp\/v2\/pages\/2970068\/revisions"}],"predecessor-version":[{"id":2971764,"href":"https:\/\/www.swedtrain.org\/en\/wp-json\/wp\/v2\/pages\/2970068\/revisions\/2971764"}],"wp:attachment":[{"href":"https:\/\/www.swedtrain.org\/en\/wp-json\/wp\/v2\/media?parent=2970068"}],"curies":[{"name":"wp","href":"https:\/\/api.w.org\/{rel}","templated":true}]}}