{"id":2970074,"date":"2025-06-26T18:59:49","date_gmt":"2025-06-26T18:59:49","guid":{"rendered":"https:\/\/www.swedtrain.org\/?page_id=2970074"},"modified":"2026-01-15T10:44:08","modified_gmt":"2026-01-15T10:44:08","slug":"swedtrains-examenspris","status":"publish","type":"page","link":"https:\/\/www.swedtrain.org\/en\/swedtrains-examenspris\/","title":{"rendered":"Swedtrain&#039;s graduation prize"},"content":{"rendered":"<section  class=\"tebab-block-hero alignfull\" style=\"--heading-color: #ffffff;\">\n\n    <img loading=\"lazy\" decoding=\"async\" width=\"1920\" height=\"1080\" src=\"https:\/\/www.swedtrain.org\/wp-content\/uploads\/2025\/06\/Examenspriset-farg.jpg\" class=\"attachment-landscape size-landscape\" alt=\"\" srcset=\"https:\/\/www.swedtrain.org\/wp-content\/uploads\/2025\/06\/Examenspriset-farg.jpg 1920w, https:\/\/www.swedtrain.org\/wp-content\/uploads\/2025\/06\/Examenspriset-farg-300x169.jpg 300w, https:\/\/www.swedtrain.org\/wp-content\/uploads\/2025\/06\/Examenspriset-farg-1024x576.jpg 1024w, https:\/\/www.swedtrain.org\/wp-content\/uploads\/2025\/06\/Examenspriset-farg-768x432.jpg 768w, https:\/\/www.swedtrain.org\/wp-content\/uploads\/2025\/06\/Examenspriset-farg-1536x864.jpg 1536w\" sizes=\"auto, (max-width: 1920px) 100vw, 1920px\" \/>\n    <div class=\"contained\">\n                <h1 class=\"tebab-block-hero__heading\">\n            Swedtrain&#039;s graduation prize        <\/h1>\n\n            <\/div>\n<\/section>\n\n\n<div style=\"height:30px\" aria-hidden=\"true\" class=\"wp-block-spacer\"><\/div>\n\n\n\n<p>Since 2002, Swedtrain has arranged a thesis competition aimed at supporting educational and research activities in railway engineering at Swedish universities and colleges.<\/p>\n\n\n\n<p>Students who have completed their degree projects in the railway field at Swedish universities and colleges are invited annually to participate in the competition, which has a prize of 15,000 SEK.<\/p>\n\n\n\n<p>T\u00e4vlingen utlyses varje januari och priset delas ut under v\u00e5ren. Juryn best\u00e5r av representanter fr\u00e5n l\u00e4ros\u00e4ten som \u00e4r medlem i Swedtrain: KTH, LTU och Chalmers.<\/p>\n\n\n\n<p>Would you like to know more or nominate someone? Email us at&nbsp;<a href=\"mailto:kansliet@www.swedtrain.org\">kansliet@www.swedtrain.org<\/a>.<\/p>\n\n\n\n<div style=\"height:50px\" aria-hidden=\"true\" class=\"wp-block-spacer\"><\/div>","protected":false},"excerpt":{"rendered":"<p>Sedan 2002 har Swedtrain arrangerat en examensarbetst\u00e4vling som syftar till att st\u00f6dja utbildnings- och forskningsverksamhet inom j\u00e4rnv\u00e4gsteknik vid svenska universitet och h\u00f6gskolor. Studenter som gjort sina examensarbeten inom j\u00e4rnv\u00e4gsinriktning vid svenska universitet och h\u00f6gskolor bjuds \u00e5rligen in att delta i t\u00e4vlingen som har en prissumma p\u00e5 15 000 kronor. T\u00e4vlingen utlyses varje januari och priset [&hellip;]<\/p>","protected":false},"author":1,"featured_media":0,"parent":0,"menu_order":0,"comment_status":"closed","ping_status":"closed","template":"","meta":{"footnotes":""},"class_list":["post-2970074","page","type-page","status-publish","hentry"],"acf":[],"_links":{"self":[{"href":"https:\/\/www.swedtrain.org\/en\/wp-json\/wp\/v2\/pages\/2970074","targetHints":{"allow":["GET"]}}],"collection":[{"href":"https:\/\/www.swedtrain.org\/en\/wp-json\/wp\/v2\/pages"}],"about":[{"href":"https:\/\/www.swedtrain.org\/en\/wp-json\/wp\/v2\/types\/page"}],"author":[{"embeddable":true,"href":"https:\/\/www.swedtrain.org\/en\/wp-json\/wp\/v2\/users\/1"}],"replies":[{"embeddable":true,"href":"https:\/\/www.swedtrain.org\/en\/wp-json\/wp\/v2\/comments?post=2970074"}],"version-history":[{"count":4,"href":"https:\/\/www.swedtrain.org\/en\/wp-json\/wp\/v2\/pages\/2970074\/revisions"}],"predecessor-version":[{"id":2971750,"href":"https:\/\/www.swedtrain.org\/en\/wp-json\/wp\/v2\/pages\/2970074\/revisions\/2971750"}],"wp:attachment":[{"href":"https:\/\/www.swedtrain.org\/en\/wp-json\/wp\/v2\/media?parent=2970074"}],"curies":[{"name":"wp","href":"https:\/\/api.w.org\/{rel}","templated":true}]}}