{"id":2970078,"date":"2025-06-26T19:10:01","date_gmt":"2025-06-26T19:10:01","guid":{"rendered":"https:\/\/www.swedtrain.org\/?page_id=2970078"},"modified":"2025-10-28T11:13:28","modified_gmt":"2025-10-28T11:13:28","slug":"oppna-styrelsemoten","status":"publish","type":"page","link":"https:\/\/www.swedtrain.org\/en\/oppna-styrelsemoten\/","title":{"rendered":"Open board meetings"},"content":{"rendered":"<section  class=\"tebab-block-hero alignfull\" style=\"--heading-color: #ffffff;\">\n\n    <img loading=\"lazy\" decoding=\"async\" width=\"1440\" height=\"1080\" src=\"https:\/\/www.swedtrain.org\/wp-content\/uploads\/2025\/06\/OS_Rise-1440x1080.jpg\" class=\"attachment-landscape size-landscape\" alt=\"\" srcset=\"https:\/\/www.swedtrain.org\/wp-content\/uploads\/2025\/06\/OS_Rise-1440x1080.jpg 1440w, https:\/\/www.swedtrain.org\/wp-content\/uploads\/2025\/06\/OS_Rise-300x225.jpg 300w, https:\/\/www.swedtrain.org\/wp-content\/uploads\/2025\/06\/OS_Rise-1024x768.jpg 1024w, https:\/\/www.swedtrain.org\/wp-content\/uploads\/2025\/06\/OS_Rise-768x576.jpg 768w, https:\/\/www.swedtrain.org\/wp-content\/uploads\/2025\/06\/OS_Rise-1536x1152.jpg 1536w, https:\/\/www.swedtrain.org\/wp-content\/uploads\/2025\/06\/OS_Rise-2048x1536.jpg 2048w\" sizes=\"auto, (max-width: 1440px) 100vw, 1440px\" \/>\n    <div class=\"contained\">\n                <h1 class=\"tebab-block-hero__heading\">\n            Open board meetings        <\/h1>\n\n            <\/div>\n<\/section>\n\n\n<p>Since 2020, Swedtrain has arranged open board meetings that give all members a unique opportunity to influence the association&#039;s work, share ideas and discuss the latest trends in the railway industry. Stay tuned in\u00a0<a href=\"https:\/\/www.swedtrain.org\/en\/kalender\/\" data-type=\"link\" data-id=\"https:\/\/www.swedtrain.org\/kalender\/\">calendar<\/a>\u00a0for current dates!<\/p>\n\n\n\n<h3 class=\"wp-block-heading\"><strong>Combination of meetings and study visits<\/strong><\/h3>\n\n\n\n<p>The meetings are combined with study visits to our member companies and sometimes also presentations from external actors such as the Swedish Armed Forces or the Swedish Transport Administration.<\/p>\n\n\n\n<h3 class=\"wp-block-heading\"><strong>Previous highlights<\/strong><\/h3>\n\n\n\n<p>Over the years we have visited everything from workshops, research centers and factories all over Sweden. Read more about the various visits in our <a href=\"https:\/\/www.swedtrain.org\/en\/nyheter\/\" data-type=\"link\" data-id=\"https:\/\/www.swedtrain.org\/nyheter\/\">news archive<\/a>!<\/p>\n\n\n\n<h3 class=\"wp-block-heading\"><strong>Would you like to host a meeting?<\/strong><\/h3>\n\n\n\n<p>As a member, you have the opportunity to showcase your activities and contribute to the development of the association. Contact us at&nbsp;<a href=\"mailto:kansliet@www.swedtrain.org\">kansliet@www.swedtrain.org<\/a>&nbsp;\u2013 we look forward to visiting you!<\/p>\n\n\n\n<div style=\"height:100px\" aria-hidden=\"true\" class=\"wp-block-spacer\"><\/div>","protected":false},"excerpt":{"rendered":"<p>Sedan 2020 har Swedtrain arrangerat \u00f6ppna styrelsem\u00f6ten som ger alla medlemmar en unik m\u00f6jlighet att p\u00e5verka f\u00f6reningens arbete, dela id\u00e9er samt diskutera de senaste trenderna inom j\u00e4rnv\u00e4gsbranschen. H\u00e5ll utkik i\u00a0kalendariet\u00a0f\u00f6r aktuella datum! Kombination av m\u00f6ten och studiebes\u00f6k M\u00f6tena kombineras med studiebes\u00f6k hos v\u00e5ra medlemsf\u00f6retag och ibland \u00e4ven presentationer fr\u00e5n externa akt\u00f6rer som F\u00f6rsvaret eller Trafikverket. [&hellip;]<\/p>","protected":false},"author":1,"featured_media":0,"parent":0,"menu_order":0,"comment_status":"closed","ping_status":"closed","template":"","meta":{"footnotes":""},"class_list":["post-2970078","page","type-page","status-publish","hentry"],"acf":[],"_links":{"self":[{"href":"https:\/\/www.swedtrain.org\/en\/wp-json\/wp\/v2\/pages\/2970078","targetHints":{"allow":["GET"]}}],"collection":[{"href":"https:\/\/www.swedtrain.org\/en\/wp-json\/wp\/v2\/pages"}],"about":[{"href":"https:\/\/www.swedtrain.org\/en\/wp-json\/wp\/v2\/types\/page"}],"author":[{"embeddable":true,"href":"https:\/\/www.swedtrain.org\/en\/wp-json\/wp\/v2\/users\/1"}],"replies":[{"embeddable":true,"href":"https:\/\/www.swedtrain.org\/en\/wp-json\/wp\/v2\/comments?post=2970078"}],"version-history":[{"count":12,"href":"https:\/\/www.swedtrain.org\/en\/wp-json\/wp\/v2\/pages\/2970078\/revisions"}],"predecessor-version":[{"id":2971341,"href":"https:\/\/www.swedtrain.org\/en\/wp-json\/wp\/v2\/pages\/2970078\/revisions\/2971341"}],"wp:attachment":[{"href":"https:\/\/www.swedtrain.org\/en\/wp-json\/wp\/v2\/media?parent=2970078"}],"curies":[{"name":"wp","href":"https:\/\/api.w.org\/{rel}","templated":true}]}}