{"id":2970854,"date":"2025-07-01T13:10:47","date_gmt":"2025-07-01T13:10:47","guid":{"rendered":"https:\/\/www.swedtrain.org\/?page_id=2970854"},"modified":"2026-02-10T15:36:28","modified_gmt":"2026-02-10T15:36:28","slug":"meet-the-buyer","status":"publish","type":"page","link":"https:\/\/www.swedtrain.org\/en\/meet-the-buyer\/","title":{"rendered":"Meet the Buyer"},"content":{"rendered":"<section  class=\"tebab-block-hero alignfull\" style=\"--heading-color: #ffffff;\">\n\n    <img loading=\"lazy\" decoding=\"async\" width=\"1920\" height=\"1080\" src=\"https:\/\/www.swedtrain.org\/wp-content\/uploads\/2025\/06\/Meet-the-buyer_farg_ingen-text.jpg\" class=\"attachment-landscape size-landscape\" alt=\"\" srcset=\"https:\/\/www.swedtrain.org\/wp-content\/uploads\/2025\/06\/Meet-the-buyer_farg_ingen-text.jpg 1920w, https:\/\/www.swedtrain.org\/wp-content\/uploads\/2025\/06\/Meet-the-buyer_farg_ingen-text-300x169.jpg 300w, https:\/\/www.swedtrain.org\/wp-content\/uploads\/2025\/06\/Meet-the-buyer_farg_ingen-text-1024x576.jpg 1024w, https:\/\/www.swedtrain.org\/wp-content\/uploads\/2025\/06\/Meet-the-buyer_farg_ingen-text-768x432.jpg 768w, https:\/\/www.swedtrain.org\/wp-content\/uploads\/2025\/06\/Meet-the-buyer_farg_ingen-text-1536x864.jpg 1536w\" sizes=\"auto, (max-width: 1920px) 100vw, 1920px\" \/>\n    <div class=\"contained\">\n                <h1 class=\"tebab-block-hero__heading\">\n            Meet the Buyer        <\/h1>\n\n            <\/div>\n<\/section>\n\n\n<div style=\"height:30px\" aria-hidden=\"true\" class=\"wp-block-spacer\"><\/div>\n\n\n\n<p><strong>V\u00e4lkommen till Swedtrains dialogforum med potentiella k\u00f6pare, best\u00e4llare eller strategiska partners till j\u00e4rnv\u00e4gsindustrin &#8211; b\u00e5de inom och utanf\u00f6r Sverige.<\/strong><\/p>\n\n\n\n<p>Meet the Buyer ger Swedtrains medlemmar en f\u00f6rdjupad f\u00f6rst\u00e5else f\u00f6r olika kundgruppers prioriteringar och l\u00e5ngsiktiga m\u00e5l, vilka teknikomr\u00e5den eller l\u00f6sningar som kommer att efterfr\u00e5gas fram\u00f6ver, men \u00e4ven f\u00f6r ink\u00f6psprocesser och leverant\u00f6rsstrategier d\u00e4r relevant.<\/p>\n\n\n\n<p>Vi har tidigare g\u00e4stats av bland annat BaneNor, Alstom, Transitio, CAF. <\/p>\n\n\n\n<p>Titta i <a href=\"https:\/\/www.swedtrain.org\/en\/kalender\/\" data-type=\"link\" data-id=\"https:\/\/www.swedtrain.org\/kalender\/\">kalendern <\/a>f\u00f6r n\u00e4sta tillf\u00e4lle!<\/p>\n\n\n\n<div style=\"height:100px\" aria-hidden=\"true\" class=\"wp-block-spacer\"><\/div>","protected":false},"excerpt":{"rendered":"<p>V\u00e4lkommen till Swedtrains dialogforum med potentiella k\u00f6pare, best\u00e4llare eller strategiska partners till j\u00e4rnv\u00e4gsindustrin &#8211; b\u00e5de inom och utanf\u00f6r Sverige. Meet the Buyer ger Swedtrains medlemmar en f\u00f6rdjupad f\u00f6rst\u00e5else f\u00f6r olika kundgruppers prioriteringar och l\u00e5ngsiktiga m\u00e5l, vilka teknikomr\u00e5den eller l\u00f6sningar som kommer att efterfr\u00e5gas fram\u00f6ver, men \u00e4ven f\u00f6r ink\u00f6psprocesser och leverant\u00f6rsstrategier d\u00e4r relevant. Vi har tidigare [&hellip;]<\/p>","protected":false},"author":1,"featured_media":0,"parent":0,"menu_order":0,"comment_status":"closed","ping_status":"closed","template":"","meta":{"footnotes":""},"class_list":["post-2970854","page","type-page","status-publish","hentry"],"acf":[],"_links":{"self":[{"href":"https:\/\/www.swedtrain.org\/en\/wp-json\/wp\/v2\/pages\/2970854","targetHints":{"allow":["GET"]}}],"collection":[{"href":"https:\/\/www.swedtrain.org\/en\/wp-json\/wp\/v2\/pages"}],"about":[{"href":"https:\/\/www.swedtrain.org\/en\/wp-json\/wp\/v2\/types\/page"}],"author":[{"embeddable":true,"href":"https:\/\/www.swedtrain.org\/en\/wp-json\/wp\/v2\/users\/1"}],"replies":[{"embeddable":true,"href":"https:\/\/www.swedtrain.org\/en\/wp-json\/wp\/v2\/comments?post=2970854"}],"version-history":[{"count":10,"href":"https:\/\/www.swedtrain.org\/en\/wp-json\/wp\/v2\/pages\/2970854\/revisions"}],"predecessor-version":[{"id":2971984,"href":"https:\/\/www.swedtrain.org\/en\/wp-json\/wp\/v2\/pages\/2970854\/revisions\/2971984"}],"wp:attachment":[{"href":"https:\/\/www.swedtrain.org\/en\/wp-json\/wp\/v2\/media?parent=2970854"}],"curies":[{"name":"wp","href":"https:\/\/api.w.org\/{rel}","templated":true}]}}